{"id":50,"date":"2020-08-30T07:56:51","date_gmt":"2020-08-30T05:56:51","guid":{"rendered":"http:\/\/zspslodkow.com\/przedszkole1\/?page_id=50"},"modified":"2020-08-30T07:56:51","modified_gmt":"2020-08-30T05:56:51","slug":"przedszkole-w-slodkowie-2","status":"publish","type":"page","link":"http:\/\/zspslodkow.com\/przedszkole1\/przedszkole-w-slodkowie-2\/","title":{"rendered":"Przedszkole w S\u0142odkowie"},"content":{"rendered":"\n<p>Nasze Przedszkole jest plac\u00f3wk\u0105 nastawion\u0105 na szeroko rozumiany rozw\u00f3j dziecka tak, aby pozna\u0142o rado\u015b\u0107 p\u0142yn\u0105c\u0105 z zabawy, nauczy\u0142o si\u0119 nawi\u0105zywa\u0107 relacje z innymi dzie\u0107mi<\/p>\n","protected":false},"excerpt":{"rendered":"<p>Nasze Przedszkole jest plac\u00f3wk\u0105 nastawion\u0105 na szeroko rozumiany rozw\u00f3j dziecka tak, aby pozna\u0142o rado\u015b\u0107 p\u0142yn\u0105c\u0105 [&hellip;]<\/p>\n","protected":false},"author":1,"featured_media":45,"parent":0,"menu_order":0,"comment_status":"closed","ping_status":"closed","template":"","meta":{"footnotes":""},"class_list":["post-50","page","type-page","status-publish","has-post-thumbnail","hentry"],"_links":{"self":[{"href":"http:\/\/zspslodkow.com\/przedszkole1\/wp-json\/wp\/v2\/pages\/50","targetHints":{"allow":["GET"]}}],"collection":[{"href":"http:\/\/zspslodkow.com\/przedszkole1\/wp-json\/wp\/v2\/pages"}],"about":[{"href":"http:\/\/zspslodkow.com\/przedszkole1\/wp-json\/wp\/v2\/types\/page"}],"author":[{"embeddable":true,"href":"http:\/\/zspslodkow.com\/przedszkole1\/wp-json\/wp\/v2\/users\/1"}],"replies":[{"embeddable":true,"href":"http:\/\/zspslodkow.com\/przedszkole1\/wp-json\/wp\/v2\/comments?post=50"}],"version-history":[{"count":1,"href":"http:\/\/zspslodkow.com\/przedszkole1\/wp-json\/wp\/v2\/pages\/50\/revisions"}],"predecessor-version":[{"id":51,"href":"http:\/\/zspslodkow.com\/przedszkole1\/wp-json\/wp\/v2\/pages\/50\/revisions\/51"}],"wp:featuredmedia":[{"embeddable":true,"href":"http:\/\/zspslodkow.com\/przedszkole1\/wp-json\/wp\/v2\/media\/45"}],"wp:attachment":[{"href":"http:\/\/zspslodkow.com\/przedszkole1\/wp-json\/wp\/v2\/media?parent=50"}],"curies":[{"name":"wp","href":"https:\/\/api.w.org\/{rel}","templated":true}]}}