{"id":71,"date":"2020-08-30T08:30:07","date_gmt":"2020-08-30T06:30:07","guid":{"rendered":"http:\/\/zspslodkow.com\/przedszkole1\/?page_id=71"},"modified":"2020-08-30T08:30:07","modified_gmt":"2020-08-30T06:30:07","slug":"jak-rozstawac-sie-z-dzieckiem","status":"publish","type":"page","link":"http:\/\/zspslodkow.com\/przedszkole1\/jak-rozstawac-sie-z-dzieckiem\/","title":{"rendered":"Jak rozstawa\u0107 si\u0119 z dzieckiem"},"content":{"rendered":"\n<h3 class=\"wp-block-heading\"><\/h3>\n\n\n\n<p>Nie przeci\u0105gaj po\u017cegnania w szatni,pom\u00f3\u017c dziecku rozebra\u0107 si\u0119, poca\u0142uj je i wyjd\u017a;<\/p>\n\n\n\n<p>Nie zabieraj dziecka do domu, kiedy p\u0142acze przy rozstaniu, je\u015bli zrobisz to, cho\u0107 raz, b\u0119dzie wiedzia\u0142o, \u017ce \u0142zami mo\u017cna wszystko wymusi\u0107;<\/p>\n\n\n\n<p>Nie obiecuj,&nbsp;je\u015bli p\u00f3jdziesz do przedszkola, to co\u015b dostaniesz, kiedy b\u0119dziesz odbiera\u0107 dziecko, mo\u017cesz da\u0107 mu male\u0144ki prezencik, ale nie mo\u017ce to by\u0107 forma przekupywania;<\/p>\n\n\n\n<p>Kontroluj si\u0119, co m\u00f3wisz. zamiast;ju\u017c mo\u017cemy wraca\u0107 do domu powiedz\u2026 teraz mo\u017cemy i\u015b\u0107 do domu. to niby niewielka r\u00f3\u017cnica a jednak pierwsze zdanie ma negatywny wyd\u017awi\u0119k;<\/p>\n\n\n\n<p>Nie wymuszaj na dziecku, \u017ceby zaraz po przyj\u015bciu do domu opowiedzia\u0142o, co wydarzy\u0142o si\u0119 w przedszkolu, to powoduje niepotrzebny stres.<\/p>\n\n\n\n<p>Je\u015bli dziecko przy po\u017cegnaniu p\u0142acze, postaraj si\u0119 \u017ceby przez kilka dni odprowadza\u0142 je do przedszkola tato, rozstania z tat\u0105 s\u0105 mniej bolesne,<\/p>\n\n\n\n<p>Pami\u0119taj, \u017cegnaj i witaj swoje dziecko zawsze u\u015bmiechem.<\/p>\n","protected":false},"excerpt":{"rendered":"<p>Nie przeci\u0105gaj po\u017cegnania w szatni,pom\u00f3\u017c dziecku rozebra\u0107 si\u0119, poca\u0142uj je i wyjd\u017a; Nie zabieraj dziecka [&hellip;]<\/p>\n","protected":false},"author":1,"featured_media":0,"parent":0,"menu_order":0,"comment_status":"closed","ping_status":"closed","template":"","meta":{"footnotes":""},"class_list":["post-71","page","type-page","status-publish","hentry"],"_links":{"self":[{"href":"http:\/\/zspslodkow.com\/przedszkole1\/wp-json\/wp\/v2\/pages\/71","targetHints":{"allow":["GET"]}}],"collection":[{"href":"http:\/\/zspslodkow.com\/przedszkole1\/wp-json\/wp\/v2\/pages"}],"about":[{"href":"http:\/\/zspslodkow.com\/przedszkole1\/wp-json\/wp\/v2\/types\/page"}],"author":[{"embeddable":true,"href":"http:\/\/zspslodkow.com\/przedszkole1\/wp-json\/wp\/v2\/users\/1"}],"replies":[{"embeddable":true,"href":"http:\/\/zspslodkow.com\/przedszkole1\/wp-json\/wp\/v2\/comments?post=71"}],"version-history":[{"count":1,"href":"http:\/\/zspslodkow.com\/przedszkole1\/wp-json\/wp\/v2\/pages\/71\/revisions"}],"predecessor-version":[{"id":72,"href":"http:\/\/zspslodkow.com\/przedszkole1\/wp-json\/wp\/v2\/pages\/71\/revisions\/72"}],"wp:attachment":[{"href":"http:\/\/zspslodkow.com\/przedszkole1\/wp-json\/wp\/v2\/media?parent=71"}],"curies":[{"name":"wp","href":"https:\/\/api.w.org\/{rel}","templated":true}]}}