{"id":117,"date":"2020-09-06T19:52:43","date_gmt":"2020-09-06T17:52:43","guid":{"rendered":"http:\/\/zspslodkow.com\/przedszkole1\/?page_id=117"},"modified":"2020-09-06T19:52:43","modified_gmt":"2020-09-06T17:52:43","slug":"rodo","status":"publish","type":"page","link":"https:\/\/zspslodkow.com\/przedszkole1\/rodo\/","title":{"rendered":"RODO"},"content":{"rendered":"\n<p>Zgodnie z art. 13 Rozporz\u0105dzenia Parlamentu Europejskiego i Rady (UE) 2016\/679 z dnia 27 kwietnia 2016r. w sprawie ochrony os\u00f3b fizycznych w zwi\u0105zku z przetwarzaniem danych osobowych i w sprawie swobodnego przep\u0142ywu takich danych oraz uchylenia dyrektywy 95\/46\/WE (og\u00f3lne rozporz\u0105dzenie o ochronie danych \u2013 RODO) informujemy, \u017ce:<\/p>\n\n\n\n<ol class=\"wp-block-list\"><li>Administratorem Pa\u0144stwa danych osobowych jest Dyrektor Zespo\u0142u Szkolno-Przedszkolnego w S\u0142odkowiez siedzib\u0105:S\u0142odk\u00f3w 21, 62-700 Turek.<\/li><li>Administrator Danych wyznaczy\u0142 Inspektora Ochrony Danych. Inspektorem Ochrony Danych jest Pani Ewa Gali\u0144ska, z kt\u00f3r\u0105 mog\u0105 si\u0119 Pa\u0144stwo skontaktowa\u0107 pod numerem telefonu: 531 641 425 lub elektronicznie za pomoc\u0105 poczty, e-mail: inspektor@osdidk.pl<\/li><li>Pa\u0144stwa dane osobowe s\u0105 gromadzone i przetwarzane w celu prowadzenia korespondencji z Pa\u0144stwem oraz w celu, dla kt\u00f3rego zosta\u0142y nam udost\u0119pnione.<\/li><li>Dane osobowe b\u0119d\u0105 przechowywane przez okres niezb\u0119dny do prowadzenia z Pa\u0144stwem korespondencji na dany temat, a po tym czasie przez okres wymagany obowi\u0105zkami na\u0142o\u017conymi na administratora przepisami prawa. W zakresie ewentualnej wyra\u017conej zgody na przetwarzanie danych osobowych dane b\u0119d\u0105 przechowywane do czasu cofni\u0119cia zgody lub zaprzestania dzia\u0142alno\u015bci, kt\u00f3rej zgoda dotyczy.<\/li><li>Po zako\u0144czeniu przetwarzania dane osobowe nie b\u0119d\u0105 przetwarzane w innym celu ni\u017c pierwotny cel przetwarzania.<\/li><li>Odbiorc\u0105 Pa\u0144stwa danych osobowych mog\u0105 by\u0107: podmioty, kt\u00f3rym Administrator zleca wykonanie czynno\u015bci, z kt\u00f3rymi wi\u0105\u017ce si\u0119 konieczno\u015b\u0107 przetwarzania danych oraz podmioty uprawione do dost\u0119pu do danych osobowych na podstawie przepis\u00f3w prawa.<\/li><li>Osoba, kt\u00f3rej dane s\u0105 przetwarzane w granicach okre\u015blonych w RODO ma prawo do \u017c\u0105dania od administratora dost\u0119pu do swoich danych osobowych, sprostowania, usuni\u0119cia lub ograniczenia przetwarzania lub wniesienia sprzeciwu wobec przetwarzania danych, a tak\u017ce przenoszenia danych oraz wniesienia skargi do organu nadzoruj\u0105cego przestrzeganie przepis\u00f3w ochrony danych osobowych, a w przypadku wyra\u017cenia dobrowolnej zgody na przetwarzanie danych osobowych \u2013 prawo do cofni\u0119cia tej zgody w dowolnym momencie, co nie wp\u0142ywa na zgodno\u015b\u0107 z prawem przetwarzania, kt\u00f3rego dokonano na podstawie zgody przed jej cofni\u0119ciem\u201d.<\/li><\/ol>\n\n\n\n<p><strong>KLAUZULA INFORMACYJNA \u2013 FACEBOOK<\/strong><\/p>\n\n\n\n<p>Stosownie do Rozporz\u0105dzenia Parlamentu Europejskiego i Rady (UE) 2016\/679 z dnia 27 kwietnia 2016 r. w sprawie ochrony os\u00f3b fizycznych w zwi\u0105zku z przetwarzaniem danych osobowych i w sprawie swobodnego przep\u0142ywu takich danych oraz uchylenia dyrektywy 94\/46\/WE (dalej \u201eRODO\u201d) informujemy w jaki spos\u00f3b przetwarza\u0107 b\u0119dziemy Pa\u0144stwa dane osobowe udost\u0119pnione w trakcie korzystania z profilu Zespo\u0142u Szkolno-Przedszkolnego&nbsp;w S\u0142odkowie w serwisie Facebook (dalej \u201efanpage\u201d):<\/p>\n\n\n\n<ol class=\"wp-block-list\"><li><strong>Kategorie os\u00f3b, kt\u00f3rych dane s\u0105 przetwarzane<\/strong><\/li><\/ol>\n\n\n\n<p>Niniejszym informujemy, \u017ce Zesp\u00f3\u0142 Szkolno-Przedszkolny w S\u0142odkowieprzetwarza dane osobowe os\u00f3b, kt\u00f3re:<br>\u2013 dokona\u0142y subskrypcji fanpage\u2019a poprzez klikni\u0119cie ikony \u201eLubi\u0119 to\u201d lub \u201eObserwuj\u201d<br>\u2013 opublikowa\u0142y sw\u00f3j komentarz pod kt\u00f3rymkolwiek z post\u00f3w zamieszczonych na fanpage\u2019u<br>\u2013 wys\u0142a\u0142y wiadomo\u015b\u0107 za po\u015brednictwem Messengera.<\/p>\n\n\n\n<ol class=\"wp-block-list\"><li><strong>Administrator danych osobowych<\/strong><\/li><\/ol>\n\n\n\n<p>Administratorem danych osobowych os\u00f3b okre\u015blonych w pkt I jest Zesp\u00f3\u0142 Szkolno-Przedszkolny w S\u0142odkowie, reprezentowany przez Dyrektora. Administrator powo\u0142a\u0142 Inspektora Ochrony Danych Pani\u0105 Ew\u0119 Gali\u0144sk\u0105, mail:&nbsp;<a href=\"mailto:inspektor@osdidk.pl\">inspektor@osdidk.pl<\/a>, tel. 531&nbsp;641&nbsp;425.<\/p>\n\n\n\n<ol class=\"wp-block-list\"><li><strong>Cele i podstawy przetwarzania<\/strong><\/li><\/ol>\n\n\n\n<p>Przetwarzamy dane osobowe os\u00f3b okre\u015blonych w pkt I w nast\u0119puj\u0105cych celach:<\/p>\n\n\n\n<ul class=\"wp-block-list\"><li>w celu prowadzenia fanpage\u2019a zespo\u0142u szkolno-przedszkolnego, na portalu spo\u0142eczno\u015bciowym Facebook, na warunkach oraz na zasadach okre\u015blonych przez Facebook Inc. i informowania za jego pomoc\u0105 o naszej aktywno\u015bci, promowaniu r\u00f3\u017cnych wydarze\u0144, kt\u00f3re organizujemy, budowaniu i utrzymaniu spo\u0142eczno\u015bci z nami zwi\u0105zanej oraz w celu komunikacji za po\u015brednictwem dost\u0119pnych funkcjonalno\u015bci serwisu Facebook (komentarze, chat, wiadomo\u015bci) co jest naszym prawnie uzasadniony interesem (podstawa z art. 6 ust. 1 lit f. RODO);<\/li><li>w celu ewentualnego ustalenia, dochodzenia lub obrony przed roszczeniami, co jest naszym prawnie uzasadnionym interesem (podstawa art. 6 ust. 1 lit. f RODO);<\/li><li>w celach analitycznych dotycz\u0105cych analiz funkcjonowania, popularno\u015bci, sposobu korzystania z fanpage\u2019a, co jest naszym prawnie uzasadnionym interesem (podstawa z art. 6 ust. 1 lit. f RODO);<\/li><li>Pa\u0144stwa dane osobowe przetwarzane mog\u0105 by\u0107 r\u00f3wnie\u017c na podstawie odr\u0119bnie udzielonej zgody w zakresie i celu okre\u015blonym w tre\u015bci zgody i przez czas do wycofania zgody (podstawa z art. 6 ust. 1 lit a. RODO);<\/li><li>Pa\u0144stwa dane osobowe przetwarzane mog\u0105 by\u0107 r\u00f3wnie\u017c na podstawie wymog\u00f3w ustawowych (podstawa z art. 6 ust. 1 lit. c RODO) w celu wype\u0142nienia przez Administratora obowi\u0105zk\u00f3w prawnych wynikaj\u0105cych z przepis\u00f3w prawa.<\/li><\/ul>\n\n\n\n<ol class=\"wp-block-list\"><li><strong>Kategorie przetwarzanych danych osobowych:<\/strong><\/li><\/ol>\n\n\n\n<p>Administrator danych osobowych b\u0119dzie przetwarza\u0142 nast\u0119puj\u0105c dane:<\/p>\n\n\n\n<ul class=\"wp-block-list\"><li>Podstawowe dane identyfikacyjne (Imi\u0119 i Nazwisko) w zakresie opublikowanym przez Pa\u0144stwa na Pa\u0144stwa w\u0142asnym profilu na portalu spo\u0142eczno\u015bciowym Facebook;<\/li><li>Dane opublikowane przez Pa\u0144stwa na profilu Facebook;<\/li><li>Anonimowe dane statystyczne dotycz\u0105ce os\u00f3b odwiedzaj\u0105cych fanpaga dost\u0119pne za pomoc\u0105 funkcji \u201eFacebook Insights\u201d udost\u0119pnionej przez Facebooka stosownie do niepodlegaj\u0105cych zmianie warunk\u00f3w korzystania z serwisu Facebook, gromadzone dzi\u0119ki plikom szpieguj\u0105cym (zwanym \u201eplikami cookies\u201d), z kt\u00f3rych ka\u017cdy zawiera niepowtarzalny kod u\u017cytkownika, kt\u00f3ry mo\u017cna powi\u0105za\u0107 z danymi po\u0142\u0105czenia u\u017cytkownik\u00f3w zarejestrowanych na Facebooku, a kt\u00f3ry zostaje pobrany i przetworzony w chwili otwarcia fanpaga.<\/li><li><strong>Odbiorcy danych:<\/strong><\/li><\/ul>\n\n\n\n<p>Administrator danych osobowych udost\u0119pnia dane osobowe:<\/p>\n\n\n\n<ul class=\"wp-block-list\"><li>organom w\u0142adzy publicznej oraz podmiotom wykonuj\u0105ce zadania publiczne lub dzia\u0142aj\u0105cym na zlecenie organ\u00f3w w\u0142adzy publicznej, w zakresie i w celach, kt\u00f3re wynikaj\u0105 z przepis\u00f3w powszechnie obowi\u0105zuj\u0105cego prawa;<\/li><li>innym podmiotom, kt\u00f3re na podstawie stosownych um\u00f3w o powierzeniu przetwarzania danych podpisanych z Administratorem przetwarzaj\u0105 dane osobowe w imieniu Administratora np. firma \u015bwiadcz\u0105ca obs\u0142ug\u0119 IT fanpaga;<\/li><li>w\u0142a\u015bcicielowi portalu spo\u0142eczno\u015bciowego Facebook na niepodlegaj\u0105cych zmianie zasadach dotycz\u0105cych danych okre\u015blonych przez Facebook dost\u0119pnych pod adresem&nbsp;<a href=\"https:\/\/www.facebook.com\/about\/privacy\">https:\/\/www.facebook.com\/about\/privacy<\/a><\/li><li><strong>Przekazywanie danych do pa\u0144stw trzecich lub organizacji mi\u0119dzynarodowych.<\/strong><\/li><\/ul>\n\n\n\n<p>Administrator danych nie przekazuje danych poza teren Polski\/ UE\/ Europejskiego Obszaru Gospodarczego z zastrze\u017ceniem ponadnarodowego charakteru przep\u0142ywu danych w ramach serwisu Facebook z zastosowaniem stosowanych przez Facebook klauzul umownych zatwierdzonych przez Komisj\u0119 Europejsk\u0105 i decyzji Komisji Europejskiej stwierdzaj\u0105cych odpowiedni stopie\u0144 ochrony danych w odniesieniu do okre\u015blonych kraj\u00f3w zgodnie z zasadami okre\u015blonymi przez Facebook pod adresem&nbsp;<a href=\"https:\/\/www.facebook.com\/about\/privacy\">https:\/\/www.facebook.com\/about\/privacy<\/a>.<\/p>\n\n\n\n<ul class=\"wp-block-list\"><li><strong>Okres przechowywania danych.<\/strong><\/li><\/ul>\n\n\n\n<p>&nbsp;Okres przetwarzania danych jest zwi\u0105zany z celami i podstawami ich przetwarzania. W zwi\u0105zku z czym:<\/p>\n\n\n\n<ul class=\"wp-block-list\"><li>dane przetwarzane na podstawie zgody b\u0119d\u0105 przetwarzane do czasu cofni\u0119cia zgody,<\/li><li>dane przetwarzane na podstawie wymog\u00f3w ustawowych b\u0119d\u0105 przetwarzane przez czas, w kt\u00f3rym przepisy prawa nakazuj\u0105 przechowanie danych,<\/li><li>dane przetwarzane na podstawie prawnie uzasadnionego interesu Administratora b\u0119d\u0105 przetwarzane do czasu skutecznego z\u0142o\u017cenia sprzeciwu lub ustania tego interesu np. dane przetwarzane w celu dochodzenia lub obrony przed roszczeniami b\u0119d\u0105 przetwarzane przez czas r\u00f3wny okresowi przedawnienia tych roszcze\u0144,<\/li><li>dane statystyczne dotycz\u0105ce os\u00f3b odwiedzaj\u0105cych fanpaga dost\u0119pne za pomoc\u0105 funkcji \u201eFacebook Insights\u201d b\u0119d\u0105 przetwarzane przez czas dost\u0119pno\u015bci tych danych w serwisie Facebook wynosz\u0105cy 2 lata.<\/li><li><strong>Pa\u0144stwa prawa:<\/strong><\/li><\/ul>\n\n\n\n<p>Przys\u0142uguj\u0105 Pa\u0144stwu:<\/p>\n\n\n\n<ul class=\"wp-block-list\"><li>Prawo dost\u0119pu do swoich danych oraz otrzymania ich kopii;<\/li><li>Prawo do sprostowania (poprawiania ) swoich danych;<\/li><li>Prawo do usuni\u0119cia danych;<\/li><li>Prawo do ograniczenia przetwarzania danych;<\/li><li>Prawo do wniesienia sprzeciwu wobec przetwarzania danych;<\/li><li>Prawo do przenoszenia danych;<\/li><li>Prawo do wniesienia skargi do organu nadzorczego;<\/li><li>Maj\u0105 Pa\u0144stwo prawo wniesienia skargi do Prezesa Urz\u0119du Ochrony Danych Osobowych, ul. Stawki 2; 00-193 Warszawa; https:\/\/www.uodo.gov.pl\/pl\/p\/kontakt; tel. (22) 531 03 00;<\/li><li>gdy uznaj\u0105 Pa\u0144stwo, i\u017c przetwarzanie Pa\u0144stwa danych osobowych narusza przepisy RODO lub inne przepisy dotycz\u0105ce przetwarzania danych osobowych maj\u0105 Pa\u0144stwo prawo do cofni\u0119cia do zgody na przetwarzanie danych osobowych. W ka\u017cdej chwili maj\u0105 Pa\u0144stwo prawo cofn\u0105\u0107 zgod\u0119 na przetwarzanie tych danych osobowych przetwarzanych na podstawie zgody. Cofni\u0119cie zgody nie b\u0119dzie wp\u0142ywa\u0107 na zgodno\u015b\u0107 z prawem przetwarzania, kt\u00f3rego dokonano na podstawie zgody przed jej wycofaniem.<\/li><\/ul>\n\n\n\n<ol class=\"wp-block-list\"><li><strong>Informacje o \u017ar\u00f3dle danych.<\/strong><\/li><\/ol>\n\n\n\n<p>Pa\u0144stwa dane uzyskujemy od firmy Facebook oraz z Pa\u0144stwa publicznego profilu oraz wpis\u00f3w na fanpagu na platformie internetowej Facebook.<\/p>\n\n\n\n<ul class=\"wp-block-list\"><li><strong>Pozosta\u0142e informacje.<\/strong><\/li><\/ul>\n\n\n\n<p>Dane osobowe nie b\u0119d\u0105 przedmiotem zautomatyzowanego podejmowania decyzji, w tym profilowania. Przetwarzanie pozyskanych od Pa\u0144stwo danych przez Administratora opiera\u0107 si\u0119 b\u0119dzie na zasadzie dobrowolno\u015bci ich podania, w sytuacji, gdy przetwarzanie danych osobowych odbywa si\u0119 na podstawie zgody. Przetwarzanie mo\u017ce te\u017c by\u0107 wymogiem ustawowym np. w wypadku konieczno\u015bci archiwizacji dokumentuj\u0105cej zawieraj\u0105cej dane zgodnie z obowi\u0105zuj\u0105cymi przepisami prawa.<\/p>\n","protected":false},"excerpt":{"rendered":"<p>Zgodnie z art. 13 Rozporz\u0105dzenia Parlamentu Europejskiego i Rady (UE) 2016\/679 z dnia 27 kwietnia [&hellip;]<\/p>\n","protected":false},"author":1,"featured_media":0,"parent":0,"menu_order":0,"comment_status":"closed","ping_status":"closed","template":"","meta":{"footnotes":""},"class_list":["post-117","page","type-page","status-publish","hentry"],"_links":{"self":[{"href":"https:\/\/zspslodkow.com\/przedszkole1\/wp-json\/wp\/v2\/pages\/117","targetHints":{"allow":["GET"]}}],"collection":[{"href":"https:\/\/zspslodkow.com\/przedszkole1\/wp-json\/wp\/v2\/pages"}],"about":[{"href":"https:\/\/zspslodkow.com\/przedszkole1\/wp-json\/wp\/v2\/types\/page"}],"author":[{"embeddable":true,"href":"https:\/\/zspslodkow.com\/przedszkole1\/wp-json\/wp\/v2\/users\/1"}],"replies":[{"embeddable":true,"href":"https:\/\/zspslodkow.com\/przedszkole1\/wp-json\/wp\/v2\/comments?post=117"}],"version-history":[{"count":1,"href":"https:\/\/zspslodkow.com\/przedszkole1\/wp-json\/wp\/v2\/pages\/117\/revisions"}],"predecessor-version":[{"id":118,"href":"https:\/\/zspslodkow.com\/przedszkole1\/wp-json\/wp\/v2\/pages\/117\/revisions\/118"}],"wp:attachment":[{"href":"https:\/\/zspslodkow.com\/przedszkole1\/wp-json\/wp\/v2\/media?parent=117"}],"curies":[{"name":"wp","href":"https:\/\/api.w.org\/{rel}","templated":true}]}}