{"id":120,"date":"2020-09-06T20:25:01","date_gmt":"2020-09-06T18:25:01","guid":{"rendered":"http:\/\/zspslodkow.com\/przedszkole1\/?page_id=120"},"modified":"2021-03-30T14:41:59","modified_gmt":"2021-03-30T12:41:59","slug":"dostepnosc","status":"publish","type":"page","link":"https:\/\/zspslodkow.com\/przedszkole1\/dostepnosc\/","title":{"rendered":"dost\u0119pno\u015b\u0107"},"content":{"rendered":"\n<p><strong>Deklaracja dost\u0119pno\u015bci<\/strong><\/p>\n\n\n\n<p>Zesp\u00f3\u0142 Szkolno-Przedszkolny w S\u0142odkowie zobowi\u0105zuje si\u0119 zapewni\u0107 dost\u0119pno\u015b\u0107 swojej strony internetowej zgodnie z ustaw\u0105 z dnia 4 kwietnia 2019 r. o dost\u0119pno\u015bci cyfrowej stron internetowych i aplikacji mobilnych podmiot\u00f3w publicznych. O\u015bwiadczenie w sprawie dost\u0119pno\u015bci ma zastosowanie do:<\/p>\n\n\n\n<p>&#8211; strony internetowej szko\u0142y dost\u0119pnej pod adresem www.zspslodkow.com<\/p>\n\n\n\n<p>&#8211; strony internetowej przedszkola dost\u0119pnej pod adresem www.przedszkole.zspslodkow.com<\/p>\n\n\n\n<p>&#8211; BIP Zespo\u0142u Szkolno-Przedszkolnego w S\u0142odkowie dost\u0119pnego pod adresem www.bip.zspslodkow.com<\/p>\n\n\n\n<p>Strona internetowa jest zgodna z ustaw\u0105 o dost\u0119pno\u015bci cyfrowej stron internetowych i aplikacji mobilnych podmiot\u00f3w publicznych.<\/p>\n\n\n\n<p>O\u015bwiadczenie sporz\u0105dzono dnia 27.03.2020 r. Deklaracj\u0119 sporz\u0105dzono na podstawie samooceny przeprowadzonej przez podmiot publiczny.<\/p>\n\n\n\n<p>Wygl\u0105d<\/p>\n\n\n\n<p>Uk\u0142ad graficzny serwisu jest w ca\u0142o\u015bci opisany przez arkusze styl\u00f3w kaskadowych (CSS). Ale nawet je\u017celi Twoja przegl\u0105darka lub urz\u0105dzenie, kt\u00f3rym odczytujesz strony internetowe, nie wspiera CSS w og\u00f3le, ca\u0142a zawarto\u015b\u0107 ka\u017cdej strony jest nadal \u0142atwa do odczytania.<\/p>\n\n\n\n<p>Na stronach serwisu u\u017cywane s\u0105 tylko wzgl\u0119dne rozmiary czcionek kompatybilnych z ustawieniami opcji \u201erozmiar tekstu\u201d w przegl\u0105darkach graficznych.<\/p>\n\n\n\n<p>Odno\u015bniki<\/p>\n\n\n\n<p>Teksty odno\u015bnik\u00f3w s\u0105 dobrane w taki spos\u00f3b, aby w miar\u0119 mo\u017cliwo\u015bci by\u0142y zrozumia\u0142e nawet poza kontekstem zdania, w kt\u00f3rym wyst\u0119puj\u0105. Wiele \u0142\u0105czy zawiera atrybut title opisuj\u0105cy dany odno\u015bnik bardziej szczeg\u00f3\u0142owo, chyba \u017ce tekst \u0142\u0105cza sam w sobie ju\u017c dok\u0142adnie opisuje dokument docelowy (tak jak np. tytu\u0142 artyku\u0142u).<\/p>\n\n\n\n<p>Obrazki<\/p>\n\n\n\n<p>Wszystkie obrazki i grafiki prezentacyjne zawieraj\u0105 opisy alternatywne. Obrazki czysto dekoracyjne zawieraj\u0105 pusty atrybut alt. Galerie zdj\u0119\u0107 do\u0142\u0105czane do artyku\u0142\u00f3w odzwierciedlaj\u0105 tre\u015b\u0107 artyku\u0142u.<\/p>\n\n\n\n<p>Udogodnienia<\/p>\n\n\n\n<p>Serwis jest wyposa\u017cony w udogodnienia u\u0142atwiaj\u0105ce przegl\u0105danie tre\u015bci przez osoby niedowidz\u0105ce:<\/p>\n\n\n\n<p>&#8211;&nbsp;&nbsp;&nbsp;&nbsp;&nbsp;&nbsp;&nbsp;&nbsp;&nbsp;&nbsp;&nbsp;&nbsp;&nbsp; mo\u017cliwo\u015b\u0107 zmiany rozmiaru czcionki<\/p>\n\n\n\n<p>&#8211;&nbsp;&nbsp;&nbsp;&nbsp;&nbsp;&nbsp;&nbsp;&nbsp;&nbsp;&nbsp;&nbsp;&nbsp;&nbsp; mo\u017cliwo\u015b\u0107 zmiany kontrastu<\/p>\n\n\n\n<p>&#8211;&nbsp;&nbsp;&nbsp;&nbsp;&nbsp;&nbsp;&nbsp;&nbsp;&nbsp;&nbsp;&nbsp;&nbsp;&nbsp; prze\u0142\u0105cznik zmiany na \u201ejasne t\u0142o\u201d<\/p>\n\n\n\n<p>&#8211;&nbsp;&nbsp;&nbsp;&nbsp;&nbsp;&nbsp;&nbsp;&nbsp;&nbsp;&nbsp;&nbsp;&nbsp;&nbsp; mo\u017cliwo\u015b\u0107 podkre\u015blania link\u00f3w (odno\u015bnik\u00f3w)<\/p>\n\n\n\n<p><strong>Informacje zwrotne i dane kontaktowe<\/strong><\/p>\n\n\n\n<p>W przypadku problem\u00f3w z dost\u0119pno\u015bci\u0105 strony internetowej prosimy o kontakt. Osob\u0105 kontaktow\u0105 jest Anna Glapa, sekretariat@zspslodkow.com Kontaktowa\u0107 mo\u017cna si\u0119 tak\u017ce dzwoni\u0105c na numer telefonu 63 2207632. T\u0105 sam\u0105 drog\u0105 mo\u017cna sk\u0142ada\u0107 wnioski o udost\u0119pnienie informacji niedost\u0119pnej oraz sk\u0142ada\u0107 \u017c\u0105dania zapewnienia dost\u0119pno\u015bci.<\/p>\n\n\n\n<p>Ka\u017cdy ma prawo do wyst\u0105pienia z \u017c\u0105daniem zapewnienia dost\u0119pno\u015bci cyfrowej strony internetowej, aplikacji mobilnej lub jakiego\u015b ich elementu. Mo\u017cna tak\u017ce za\u017c\u0105da\u0107 udost\u0119pnienia informacji za pomoc\u0105 alternatywnego sposobu dost\u0119pu, na przyk\u0142ad przez odczytanie niedost\u0119pnego cyfrowo dokumentu, opisanie zawarto\u015bci filmu bez audiodeskrypcji itp. \u017b\u0105danie powinno zawiera\u0107 dane osoby zg\u0142aszaj\u0105cej \u017c\u0105danie, wskazanie, o kt\u00f3r\u0105 stron\u0119 internetow\u0105 lub aplikacj\u0119 mobiln\u0105 chodzi oraz spos\u00f3b kontaktu. Je\u017celi osoba \u017c\u0105daj\u0105ca zg\u0142asza potrzeb\u0119 otrzymania informacji za pomoc\u0105 alternatywnego sposobu dost\u0119pu, powinna tak\u017ce okre\u015bli\u0107 dogodny dla niej spos\u00f3b przedstawienia tej informacji. Zesp\u00f3\u0142 Szkolno-Przedszkolny w S\u0142odkowie powinien zrealizowa\u0107 \u017c\u0105danie niezw\u0142ocznie, nie p\u00f3\u017aniej ni\u017c w ci\u0105gu 7 dni od dnia wyst\u0105pienia z \u017c\u0105daniem. Je\u017celi dotrzymanie tego terminu nie jest mo\u017cliwe, Zesp\u00f3\u0142 Szkolno-Przedszkolny w S\u0142odkowie&nbsp; niezw\u0142ocznie informuje o tym wnosz\u0105cego \u017c\u0105danie, kiedy realizacja \u017c\u0105dania b\u0119dzie mo\u017cliwa, przy czym termin ten nie mo\u017ce by\u0107 d\u0142u\u017cszy ni\u017c 2 miesi\u0105ce od dnia wyst\u0105pienia z \u017c\u0105daniem. Je\u017celi zapewnienie dost\u0119pno\u015bci cyfrowej nie jest mo\u017cliwe, Zesp\u00f3\u0142 Szkolno-Przedszkolny w S\u0142odkowie mo\u017ce zaproponowa\u0107 alternatywny spos\u00f3b dost\u0119pu do informacji. W przypadku odmowy realizacji \u017c\u0105dania zapewnienia dost\u0119pno\u015bci lub alternatywnego sposobu dost\u0119pu do informacji, wnosz\u0105cy \u017c\u0105danie mo\u017cne z\u0142o\u017cy\u0107 skarg\u0119 w sprawie zapewniana dost\u0119pno\u015bci cyfrowej strony internetowej, aplikacji mobilnej lub elementu strony internetowej, lub aplikacji mobilnej. Po wyczerpaniu wskazanej wy\u017cej procedury mo\u017cna tak\u017ce z\u0142o\u017cy\u0107 wniosek do Rzecznika Praw Obywatelskich.<\/p>\n\n\n\n<p>Link do strony internetowej https:\/\/www.rpo.gov.pl\/content\/jak-zglosic-sie-do-rzecznika-praw-obywatelskich.<\/p>\n\n\n\n<p><strong>Dost\u0119pno\u015b\u0107 architektoniczna<\/strong><\/p>\n\n\n\n<p>Zesp\u00f3\u0142 Szkolno-Przedszkolny w S\u0142odkowie, S\u0142odk\u00f3w 21, 62-700 Turek. Do budynku g\u0142\u00f3wnego A prowadzi 1 wej\u015bcie od strony po\u0142udniowej. Do wej\u015bcia prowadz\u0105 schody oraz podjazd dla w\u00f3zk\u00f3w, znajduj\u0105cy si\u0119 za schodami. Do budynku B prowadzi&nbsp; 1 wej\u015bcie g\u0142\u00f3wne od strony wschodniej dla klas 1-3. &nbsp;Do wej\u015bcie prowadzi podest oraz podjazd dla w\u00f3zk\u00f3w. 1 wej\u015bcie g\u0142\u00f3wne od strony po\u0142udniowej dla przedszkola, do kt\u00f3rego prowadzi jeden stopie\u0144. W ka\u017cdym wej\u015bciu g\u0142\u00f3wnym znajduje si\u0119 tablica z rozk\u0142adem pomieszcze\u0144 oraz przycisk przywo\u0142ywania.<\/p>\n\n\n\n<p>Nad wej\u015bciami nie ma g\u0142o\u015bnik\u00f3w systemu naprowadzaj\u0105cego d\u017awi\u0119kowo osoby niewidome i s\u0142abo widz\u0105ce. Drzwi wej\u015bciowe nie otwieraj\u0105 si\u0119 automatycznie. Wej\u015bcia nie s\u0105 zabezpieczone bramkami.<\/p>\n\n\n\n<p>Przed budynkiem&nbsp; A wyznaczono&nbsp; 2&nbsp; miejsca parkingowe dla os\u00f3b niepe\u0142nosprawnych.<\/p>\n\n\n\n<p>Dla os\u00f3b na w\u00f3zkach dost\u0119pny jest tylko korytarz i pomieszczenia na parterze. Zaj\u0119cia dla os\u00f3b na w\u00f3zkach odbywaj\u0105 si\u0119 na parterze. W budynkach nie ma wind. Istnieje mo\u017cliwo\u015b\u0107 um\u00f3wienia spotkania z klientem na parterze.<\/p>\n\n\n\n<p>Budynek&nbsp; A jest wyposa\u017cony w toalet\u0119 przystosowan\u0105 dla os\u00f3b niepe\u0142nosprawnych. Do budynk\u00f3w i wszystkich pomieszcze\u0144 mo\u017cna wej\u015b\u0107 z psem asystuj\u0105cym i psem przewodnikiem. W budynku nie ma p\u0119tli indukcyjnych.&nbsp;<\/p>\n\n\n\n<p>W budynku nie ma oznacze\u0144 w alfabecie brajla ani oznacze\u0144 kontrastowych lub w druku powi\u0119kszonym dla os\u00f3b niewidomych i s\u0142abo widz\u0105cych.<\/p>\n\n\n\n<p>W budynku A znajduje si\u0119 sekretariat oraz dyrekcja szko\u0142y, wej\u015bcie do tych pomieszcze\u0144 znajduje si\u0119 na wprost od wej\u015bcia g\u0142\u00f3wnego.<\/p>\n","protected":false},"excerpt":{"rendered":"<p>Deklaracja dost\u0119pno\u015bci Zesp\u00f3\u0142 Szkolno-Przedszkolny w S\u0142odkowie zobowi\u0105zuje si\u0119 zapewni\u0107 dost\u0119pno\u015b\u0107 swojej strony internetowej zgodnie z [&hellip;]<\/p>\n","protected":false},"author":1,"featured_media":0,"parent":0,"menu_order":0,"comment_status":"closed","ping_status":"closed","template":"","meta":{"footnotes":""},"class_list":["post-120","page","type-page","status-publish","hentry"],"_links":{"self":[{"href":"https:\/\/zspslodkow.com\/przedszkole1\/wp-json\/wp\/v2\/pages\/120","targetHints":{"allow":["GET"]}}],"collection":[{"href":"https:\/\/zspslodkow.com\/przedszkole1\/wp-json\/wp\/v2\/pages"}],"about":[{"href":"https:\/\/zspslodkow.com\/przedszkole1\/wp-json\/wp\/v2\/types\/page"}],"author":[{"embeddable":true,"href":"https:\/\/zspslodkow.com\/przedszkole1\/wp-json\/wp\/v2\/users\/1"}],"replies":[{"embeddable":true,"href":"https:\/\/zspslodkow.com\/przedszkole1\/wp-json\/wp\/v2\/comments?post=120"}],"version-history":[{"count":2,"href":"https:\/\/zspslodkow.com\/przedszkole1\/wp-json\/wp\/v2\/pages\/120\/revisions"}],"predecessor-version":[{"id":1125,"href":"https:\/\/zspslodkow.com\/przedszkole1\/wp-json\/wp\/v2\/pages\/120\/revisions\/1125"}],"wp:attachment":[{"href":"https:\/\/zspslodkow.com\/przedszkole1\/wp-json\/wp\/v2\/media?parent=120"}],"curies":[{"name":"wp","href":"https:\/\/api.w.org\/{rel}","templated":true}]}}