{"id":25,"date":"2020-08-30T07:23:34","date_gmt":"2020-08-30T05:23:34","guid":{"rendered":"http:\/\/zspslodkow.com\/przedszkole1\/?page_id=25"},"modified":"2024-09-05T14:34:36","modified_gmt":"2024-09-05T12:34:36","slug":"kadra-przedszkola","status":"publish","type":"page","link":"https:\/\/zspslodkow.com\/przedszkole1\/kadra-przedszkola\/","title":{"rendered":"kadra przedszkola"},"content":{"rendered":"\n<p><strong>KADRA PRZEDSZKOLA W S\u0141ODKOWIE<\/strong><\/p>\n\n\n\n<p><strong>ZESP\u00d3\u0141 SZKOLNO \u2013 PRZEDSZKOLNY W S\u0141ODKOWIE<\/strong><\/p>\n\n\n\n<ul class=\"wp-block-list\">\n<li>Dyrektor \u2013 Ma\u0142gorzata Grzesik<\/li>\n<\/ul>\n\n\n\n<p><\/p>\n\n\n\n<p><strong>Zast\u0119pca dyrektora<\/strong><\/p>\n\n\n\n<ul class=\"wp-block-list\">\n<li>Anna Szambela\u0144czyk<\/li>\n<\/ul>\n\n\n\n<p><\/p>\n\n\n\n<p><strong>Nauczyciele edukacji przedszkolnej:<\/strong><\/p>\n\n\n\n<p><\/p>\n\n\n\n<ul class=\"wp-block-list\">\n<li>Alicja Budner<\/li>\n\n\n\n<li>Katarzyna Ko\u0144czak<\/li>\n\n\n\n<li>Joanna Grabowska<\/li>\n\n\n\n<li>Magdalena Jafra<\/li>\n\n\n\n<li>Justyna Ogrodowczyk<\/li>\n\n\n\n<li>\u0141ucja Ju\u015bkiewicz<\/li>\n<\/ul>\n\n\n\n<p><\/p>\n\n\n\n<p><strong>Pomoc nauczyciela:<\/strong><\/p>\n\n\n\n<ul class=\"wp-block-list\">\n<li>And\u017celika Borowska<\/li>\n\n\n\n<li>Iwona Wielgocka<\/li>\n\n\n\n<li>Beata Warcho\u0142<\/li>\n\n\n\n<li>Beata Napiera\u0142a<\/li>\n\n\n\n<li>Joanna Wojtkowiak<\/li>\n\n\n\n<li>Marzena Marendziak<\/li>\n<\/ul>\n\n\n\n<p><\/p>\n\n\n\n<p><strong>Pracownicy obs\u0142ugi:<\/strong><\/p>\n\n\n\n<ul class=\"wp-block-list\">\n<li>Renata Go\u0142dyka &#8211; intendentka<\/li>\n\n\n\n<li>Anna Paruszewska<\/li>\n\n\n\n<li>Krystyna Danisz<\/li>\n\n\n\n<li>El\u017cbieta Filipiak<\/li>\n<\/ul>\n","protected":false},"excerpt":{"rendered":"<p>KADRA PRZEDSZKOLA W S\u0141ODKOWIE ZESP\u00d3\u0141 SZKOLNO \u2013 PRZEDSZKOLNY W S\u0141ODKOWIE Zast\u0119pca dyrektora Nauczyciele edukacji przedszkolnej: [&hellip;]<\/p>\n","protected":false},"author":1,"featured_media":0,"parent":0,"menu_order":0,"comment_status":"closed","ping_status":"closed","template":"","meta":{"footnotes":""},"class_list":["post-25","page","type-page","status-publish","hentry"],"_links":{"self":[{"href":"https:\/\/zspslodkow.com\/przedszkole1\/wp-json\/wp\/v2\/pages\/25","targetHints":{"allow":["GET"]}}],"collection":[{"href":"https:\/\/zspslodkow.com\/przedszkole1\/wp-json\/wp\/v2\/pages"}],"about":[{"href":"https:\/\/zspslodkow.com\/przedszkole1\/wp-json\/wp\/v2\/types\/page"}],"author":[{"embeddable":true,"href":"https:\/\/zspslodkow.com\/przedszkole1\/wp-json\/wp\/v2\/users\/1"}],"replies":[{"embeddable":true,"href":"https:\/\/zspslodkow.com\/przedszkole1\/wp-json\/wp\/v2\/comments?post=25"}],"version-history":[{"count":8,"href":"https:\/\/zspslodkow.com\/przedszkole1\/wp-json\/wp\/v2\/pages\/25\/revisions"}],"predecessor-version":[{"id":4965,"href":"https:\/\/zspslodkow.com\/przedszkole1\/wp-json\/wp\/v2\/pages\/25\/revisions\/4965"}],"wp:attachment":[{"href":"https:\/\/zspslodkow.com\/przedszkole1\/wp-json\/wp\/v2\/media?parent=25"}],"curies":[{"name":"wp","href":"https:\/\/api.w.org\/{rel}","templated":true}]}}