{"id":3,"date":"2020-08-29T21:16:25","date_gmt":"2020-08-29T19:16:25","guid":{"rendered":"http:\/\/zspslodkow.com\/przedszkole1\/?page_id=3"},"modified":"2020-09-06T19:40:16","modified_gmt":"2020-09-06T17:40:16","slug":"polityka-prywatnosci","status":"publish","type":"page","link":"https:\/\/zspslodkow.com\/przedszkole1\/polityka-prywatnosci\/","title":{"rendered":"Polityka prywatno\u015bci"},"content":{"rendered":"\n<p><strong>Polityka prywatno\u015bci<\/strong><\/p>\n\n\n\n<p>Zesp\u00f3\u0142 Szkolno-Przedszkolny w S\u0142odkowie<\/p>\n\n\n\n<p>z siedzib\u0105:S\u0142odk\u00f3w 21, 62-700 Turek<\/p>\n\n\n\n<hr class=\"wp-block-separator\"\/>\n\n\n\n<p><strong>Szko\u0142a&nbsp;<\/strong>przywi\u0105zuje du\u017c\u0105 wag\u0119 do ochrony prywatno\u015bci os\u00f3b korzystaj\u0105cych z naszej strony internetowej. Dlatego te\u017c strona naszej szko\u0142y&nbsp;<strong>nie przechowuje<\/strong>&nbsp;\u017cadnych danych osobowych.<\/p>\n\n\n\n<p>Serwer firmy hostingowej, na kt\u00f3rym dzia\u0142a nasza strona mo\u017ce zapisywa\u0107 informacje dotycz\u0105ce wykorzystania serwisu przez u\u017cytkownik\u00f3w, to jest ich adresy IP, nazwy domen, dane techniczne i typy przegl\u0105darek, rodzaje systemu operacyjnego oraz rejon geograficzny, z kt\u00f3rego nast\u0105pi\u0142o wej\u015bcie na nasz\u0105 stron\u0119 internetow\u0105. Informacje te wykorzystywane s\u0105 w celach technicznych, do tworzenia wszelkiego rodzaju statystyk, szacowania wykorzystania konkretnych element\u00f3w serwisu a tak\u017ce przeciwdzia\u0142ania zagro\u017ceniom infrastruktury teleinformatycznej firmy hostingowej. Dane te nie umo\u017cliwiaj\u0105 jednoznacznej identyfikacji poszczeg\u00f3lnych u\u017cytkownik\u00f3w jako konkretnych os\u00f3b fizycznych.<\/p>\n\n\n\n<p><strong>Gromadzenie danych<\/strong><\/p>\n\n\n\n<p>W ramach naszego serwisu internetowego mo\u017cemy stosowa\u0107 tzw. pliki cookies. Dane te przetwarzane b\u0119d\u0105 w celach reklamowych, statystycznych i do personalizacji strony. Wykorzystywanie plik\u00f3w cookies przez administratora nie s\u0142u\u017cy do tworzenia profili ani identyfikacji os\u00f3b. Podstaw\u0105 prawn\u0105 przetwarzania danych zbieranych za po\u015brednictwem plik\u00f3w cookies jest prawnie uzasadniony interes administratora. Cookies mog\u0105 by\u0107 r\u00f3wnie\u017c stosowane przez wsp\u00f3\u0142pracuj\u0105cych z administratorem reklamodawc\u00f3w, przez firmy badawcze i statystyczne oraz przez firmy \u015bwiadcz\u0105ce nam us\u0142ugi hostingowe.<\/p>\n\n\n\n<p>Zgodnie z art. 13 ust. 1 i ust. 2 og\u00f3lnego rozporz\u0105dzenia o ochronie danych osobowych z dnia 27 kwietnia 2016r. informujemy, \u017ce administratorem danych zbieranych za po\u015brednictwem plik\u00f3w cookies jest Szko\u0142a.<\/p>\n\n\n\n<p><strong>Prawa os\u00f3b, kt\u00f3rych dane dotycz\u0105<\/strong><\/p>\n\n\n\n<p>Osobom, kt\u00f3rych dane dotycz\u0105, przys\u0142uguj\u0105 nast\u0119puj\u0105ce prawa:<\/p>\n\n\n\n<ul class=\"wp-block-list\"><li><strong>prawo do informacji o przetwarzaniu danych osobowych<\/strong>&nbsp;\u2013 na tej podstawie osobie zg\u0142aszaj\u0105cej \u017c\u0105danie Administrator danych osobowych przekazuje informacj\u0119 o przetwarzaniu danych, w tym przede wszystkim o celach i podstawach prawnych przetwarzania, zakresie posiadanych danych, podmiotach, kt\u00f3rym s\u0105 ujawniane, i planowanym terminie usuni\u0119cia danych;<\/li><li><strong>prawo uzyskania kopii danych<\/strong>&nbsp;\u2013 na tej podstawie Administrator danych osobowych przekazuje kopi\u0119 przetwarzanych danych dotycz\u0105cych osoby zg\u0142aszaj\u0105cej \u017c\u0105danie;<\/li><li><strong>prawo do sprostowania<\/strong>&nbsp;\u2013 Administrator danych osobowych zobowi\u0105zany jest usuwa\u0107 ewentualne niezgodno\u015bci lub b\u0142\u0119dy przetwarzanych danych osobowych oraz uzupe\u0142nia\u0107 je, je\u015bli s\u0105 niekompletne;<\/li><li><strong>prawo do usuni\u0119cia danych<\/strong>&nbsp;\u2013 na tej podstawie mo\u017cna \u017c\u0105da\u0107 usuni\u0119cia danych, kt\u00f3rych przetwarzanie nie jest ju\u017c niezb\u0119dne do realizowania \u017cadnego z cel\u00f3w, dla kt\u00f3rych zosta\u0142y zebrane;<\/li><li><strong>prawo do ograniczenia przetwarzania<\/strong>&nbsp;\u2013 w razie zg\u0142oszenia takiego \u017c\u0105dania Administrator danych osobowych zaprzestaje wykonywania operacji na danych osobowych \u2013 z wyj\u0105tkiem operacji, na kt\u00f3re wyrazi\u0142a zgod\u0119 osoba, kt\u00f3rej dane dotycz\u0105 \u2013 oraz ich przechowywania, zgodnie z przyj\u0119tymi zasadami retencji lub dop\u00f3ki nie ustan\u0105 przyczyny ograniczenia przetwarzania danych (np. zostanie wydana decyzja organu nadzorczego zezwalaj\u0105ca na dalsze przetwarzanie danych);<\/li><li><strong>prawo do przenoszenia danych<\/strong>&nbsp;\u2013 na tej podstawie \u2013 w zakresie, w jakim dane s\u0105 przetwarzane w zwi\u0105zku z zawart\u0105 umow\u0105 lub wyra\u017con\u0105 zgod\u0105 \u2013 Administrator danych osobowych wydaje dane dostarczone przez osob\u0119, kt\u00f3rej one dotycz\u0105, w formacie pozwalaj\u0105cym na ich odczyt przez komputer. Mo\u017cliwe jest tak\u017ce za\u017c\u0105danie przes\u0142ania tych danych innemu podmiotowi \u2013 jednak pod warunkiem, \u017ce istniej\u0105 w tym zakresie techniczne mo\u017cliwo\u015bci zar\u00f3wno po stronie Administratora, jak r\u00f3wnie\u017c tego innego podmiotu;<\/li><li><strong>prawo sprzeciwu wobec przetwarzania danych w celach marketingowych<\/strong>&nbsp;\u2013 osoba, kt\u00f3rej dane dotycz\u0105, mo\u017ce w ka\u017cdym momencie sprzeciwi\u0107 si\u0119 przetwarzaniu danych osobowych w celach marketingowych, bez konieczno\u015bci uzasadnienia takiego sprzeciwu;<\/li><li><strong>prawo sprzeciwu wobec innych cel\u00f3w przetwarzania danych<\/strong>&nbsp;\u2013 osoba, kt\u00f3rej dane dotycz\u0105, mo\u017ce w ka\u017cdym momencie sprzeciwi\u0107 si\u0119 przetwarzaniu danych osobowych, kt\u00f3re odbywa si\u0119 na podstawie uzasadnionego interesu Administratora danych osobowych, sprzeciw w tym zakresie powinien zawiera\u0107 uzasadnienie;<\/li><li><strong>prawo wycofania zgody<\/strong>&nbsp;\u2013 je\u015bli dane przetwarzane s\u0105 na podstawie wyra\u017conej zgody, osoba, kt\u00f3rej dane dotycz\u0105, ma prawo j\u0105 wycofa\u0107 w dowolnym momencie, co jednak nie wp\u0142ywa na zgodno\u015b\u0107 z prawem przetwarzania dokonanego przed wycofaniem zgody.;<\/li><li><strong>prawo do skargi&nbsp;<\/strong>\u2013 w przypadku uznania, \u017ce przetwarzanie danych osobowych narusza przepisy RODO lub inne przepisy dotycz\u0105ce ochrony danych osobowych, osoba, kt\u00f3rej dane dotycz\u0105, mo\u017ce z\u0142o\u017cy\u0107 skarg\u0119 do Prezesa Urz\u0119du Ochrony Danych Osobowych. W celu skorzystania z powy\u017cszych praw nale\u017cy skontaktowa\u0107 si\u0119 z Administratorem danych osobowych lub z Inspektorem Ochrony Danych, korzystaj\u0105c ze wskazanych wy\u017cej danych kontaktowych.<\/li><\/ul>\n\n\n\n<p>W przypadku, uznania \u017ce Pa\u0144stwa dane osobowe s\u0105 przetwarzane z naruszeniem przepis\u00f3w Rozporz\u0105dzenia Parlamentu Europejskiego I Rady (UE) 2016\/679 z dnia 27 kwietnia 2016 r. w sprawie ochrony os\u00f3b fizycznych w zwi\u0105zku z przetwarzaniem danych osobowych i w sprawie swobodnego przep\u0142ywu takich danych oraz uchylenia dyrektywy 95\/46\/WE posiadaj\u0105 Pa\u0144stwo prawo do wniesienia skargi do Prezesa Urz\u0119du Ochrony Danych Osobowych.<\/p>\n\n\n\n<p><strong>Cele oraz podstawy prawne przetwarzania<\/strong><\/p>\n\n\n\n<p><strong>Korespondencja e-mailowa i tradycyjna \u2013&nbsp;<\/strong>w przypadku kierowania do Administratora danych osobowych za po\u015brednictwem poczty e-mail lub tradycyjnej korespondencji niezwi\u0105zanej z us\u0142ugami \u015bwiadczonymi na rzecz nadawcy lub inn\u0105 zawart\u0105 z nim umow\u0105, dane osobowe zawarte w tej korespondencji s\u0105 przetwarzane wy\u0142\u0105cznie w celu komunikacji i rozwi\u0105zania sprawy, kt\u00f3rej dotyczy korespondencja.Podstawa prawna:art. 6 ust. 1 lit f RODO \u2013 uzasadniony interes Administratora danych osobowych polegaj\u0105cy na prowadzeniu korespondencji kierowanej do niego w zwi\u0105zku z jego dzia\u0142alno\u015bci\u0105 gospodarcz\u0105.<\/p>\n\n\n\n<p>Administrator przetwarza jedynie dane osobowe istotne dla sprawy, kt\u00f3rej dotyczy korespondencja. Ca\u0142o\u015b\u0107 korespondencji jest przechowywana w spos\u00f3b zapewniaj\u0105cy bezpiecze\u0144stwo zawartych w niej danych osobowych (oraz innych informacji) i ujawniana jedynie osobom upowa\u017cnionym.<\/p>\n\n\n\n<p><strong>Kontakt telefoniczny-&nbsp;<\/strong>w przypadku kontaktowania si\u0119 z Administratorem drog\u0105 telefoniczn\u0105, w sprawach niezwi\u0105zanych z zawart\u0105 umow\u0105 lub \u015bwiadczonymi us\u0142ugami, Administrator mo\u017ce \u017c\u0105da\u0107 podania danych osobowych tylko w\u00f3wczas, gdy b\u0119dzie to niezb\u0119dne do obs\u0142ugi sprawy, kt\u00f3rej dotyczy kontakt.Podstawa prawna:art. 6 ust. 1 lit f RODO \u2013 uzasadniony interes Administratora danych osobowych polegaj\u0105cy na konieczno\u015bci rozwi\u0105zania zg\u0142oszonej sprawy zwi\u0105zanej z prowadzon\u0105 przez niego dzia\u0142alno\u015bci\u0105 gospodarcz\u0105.&nbsp;<\/p>\n\n\n\n<p><strong>Czym s\u0105 pliki cookies<\/strong><\/p>\n\n\n\n<p>Poprzez pliki cookies nale\u017cy rozumie\u0107 dane informatyczne, a w szczeg\u00f3lno\u015bci pliki tekstowe, kt\u00f3re przechowywane s\u0105 w urz\u0105dzeniu ko\u0144cowym u\u017cytkownika, przeznaczone do korzystania ze stron internetowych. Pliki te pozwalaj\u0105 mi\u0119dzy innymi rozpozna\u0107 urz\u0105dzenie u\u017cytkownika i odpowiednio wy\u015bwietli\u0107 nasz\u0105 stron\u0119 internetow\u0105, w spos\u00f3b spersonalizowany \/ dostosowany do indywidualnych preferencji u\u017cytkownika czy mo\u017cliwo\u015bci technicznych przegl\u0105darki internetowej \/ urz\u0105dzenia u\u017cytkownika strony. Pliki cookies mog\u0105 by\u0107 r\u00f3wnie\u017c u\u017cywane przez serwis internetowy (stron\u0119 internetow\u0105) w celu tworzenia anonimowych statystyk u\u017cytkowania stron, nie pozwalaj\u0105c na personaln\u0105 identyfikacj\u0119 u\u017cytkownika. Cookies zazwyczaj zawieraj\u0105 nazw\u0119 strony internetowej z kt\u00f3rej pochodz\u0105, czas przechowywania ich na urz\u0105dzeniu ko\u0144cowym i unikalny identyfikator \/ numer.<\/p>\n\n\n\n<p><strong>Rodzaje plik\u00f3w cookies jakich mo\u017cemy u\u017cywa\u0107<\/strong><\/p>\n\n\n\n<p>Na naszych stronach internetowych stosujemy dwa zasadnicze rodzaje plik\u00f3w cookies:<\/p>\n\n\n\n<ul class=\"wp-block-list\"><li>sesyjne \u2013 pliki tymczasowe przechowywane w urz\u0105dzeniu ko\u0144cowym u\u017cytkownika do czasu wylogowania, opuszczenia strony internetowej i aplikacji lub wy\u0142\u0105czenia oprogramowania (przegl\u0105darki internetowej)<\/li><li>sta\u0142e \u2013 przechowywane w urz\u0105dzeniu ko\u0144cowym u\u017cytkownika przez okre\u015blony w parametrach plik\u00f3w cookies czas, lub do momentu ich usuni\u0119cia przez u\u017cytkownika<\/li><\/ul>\n\n\n\n<p>Ze wzgl\u0119du na cel, jakiemu s\u0142u\u017c\u0105 pliki cookies i inne podobne technologie, mo\u017cemy stosowa\u0107 poni\u017csze ich rodzaje:<\/p>\n\n\n\n<ul class=\"wp-block-list\"><li>niezb\u0119dne do dzia\u0142ania us\u0142ug i aplikacji \/ umo\u017cliwiaj\u0105ce korzystanie z naszych us\u0142ug, np. wykorzystywane do uwierzytelniania \/ zalogowania u\u017cytkownika do naszego serwisu internetowego<\/li><li>pliki s\u0142u\u017c\u0105ce do zapewnienia bezpiecze\u0144stwa, np. s\u0142u\u017c\u0105ce do wykrywania nadu\u017cy\u0107 w zakresie uwierzytelniania<\/li><li>wydajno\u015bciowe \u2013 umo\u017cliwiaj\u0105ce zbieranie informacji o sposobie korzystania z naszych stron \/ serwis\u00f3w internetowych i aplikacji<\/li><li>funkcjonalne \u2013 umo\u017cliwiaj\u0105ce zapami\u0119tanie wybranych przez u\u017cytkownika ustawie\u0144 i p\u00f3\u017aniejsz\u0105 personalizacj\u0119 interfejsu u\u017cytkownika, np. rozmiaru czcionki, wygl\u0105du strony internetowej i aplikacji, itp.<\/li><li>reklamowe \u2013 umo\u017cliwiaj\u0105ce dostarczanie u\u017cytkownikom tre\u015bci reklamowych bardziej dostosowanych do ich zainteresowa\u0144<\/li><li>statystyczne \u2013 s\u0142u\u017c\u0105ce do zliczana odwiedzin naszej strony, statystyk dotycz\u0105cych u\u017cytkowania naszych serwis\u00f3w internetowych i aplikacji. Aby lepiej okre\u015bli\u0107 jakie dzia\u0142y, artyku\u0142y lub narz\u0119dzia znajduj\u0105ce si\u0119 w naszym serwisie internetowym najbardziej podobaj\u0105 si\u0119 u\u017cytkownikom, podczas przegl\u0105dania stron serwisu zbierane s\u0105 dane dotycz\u0105ce liczby ods\u0142on poszczeg\u00f3lnych element\u00f3w serwisu.<\/li><\/ul>\n\n\n\n<p><strong>Zarz\u0105dzanie \/ usuwanie plik\u00f3w cookies, zarz\u0105dzanie ustawieniami przegl\u0105darki internetowej<\/strong><\/p>\n\n\n\n<p>Standardowo oprogramowanie s\u0142u\u017c\u0105ce do przegl\u0105dania stron internetowych (przegl\u0105darki stron www) domy\u015blnie dopuszcza umieszczanie plik\u00f3w cookies na urz\u0105dzeniu ko\u0144cowym u\u017cytkownika. Ustawienie to mo\u017ce zosta\u0107 zmienione przez u\u017cytkownika w dowolny, wybrany przez niego spos\u00f3b, tak aby blokowa\u0107 ca\u0142kowicie automatyczn\u0105 obs\u0142ug\u0119 plik\u00f3w cookies, blokowa\u0107 wybi\u00f3rczo pliki cookies pochodz\u0105ce z okre\u015blonych stron \/ aplikacji \/ serwis\u00f3w internetowych, b\u0105d\u017a informowa\u0107 o ich ka\u017cdorazowym przes\u0142aniu na urz\u0105dzenie u\u017cytkownika.<\/p>\n\n\n\n<p>Szczeg\u00f3\u0142owe informacje o mo\u017cliwo\u015bci i sposobach obs\u0142ugi plik\u00f3w cookies oraz ustawienia mechanizmu ich obs\u0142ugi przez oprogramowanie u\u017cytkownika dost\u0119pne s\u0105 w ustawieniach oprogramowania (przegl\u0105darki internetowej) u\u017cytkownika.<\/p>\n\n\n\n<p>Informacje na temat ustawie\u0144 obs\u0142ugi plik\u00f3w cookies w najpopularniejszych przegl\u0105darkach internetowych mo\u017cna znale\u017a\u0107 na stronach obs\u0142ugi technicznej ich producent\u00f3w. Dodatkowe \/ rozszerzone informacje o technologii cookies znajdziecie Pa\u0144stwo na zewn\u0119trznych stronach internetowych po\u015bwi\u0119conych temu zagadnieniu, lub w pomocy swojej przegl\u0105darki.<\/p>\n\n\n\n<p><strong><em>Nale\u017cy pami\u0119ta\u0107, \u017ce ograniczenie b\u0105d\u017a wy\u0142\u0105czenie stosowania plik\u00f3w cookies i innych podobnych technologii dla stron internetowych mo\u017ce wp\u0142yn\u0105\u0107 na niekt\u00f3re funkcjonalno\u015bci dost\u0119pne w serwisach lub ca\u0142kowicie uniemo\u017cliwi\u0107 funkcjonowanie niekt\u00f3rych us\u0142ug \/ funkcji strony internetowej.<\/em><\/strong><\/p>\n\n\n\n<p><strong>Szko\u0142a&nbsp;<\/strong>nieprzekazuje, nie sprzedaje i nie u\u017cycza danych u\u017cytkownik\u00f3w strony osobom lub instytucjom trzecim.<\/p>\n\n\n\n<p><strong>Szko\u0142a&nbsp;<\/strong>mo\u017ce przedstawi\u0107 wsp\u00f3\u0142pracuj\u0105cym instytucjom zestawienia statystyczne ogl\u0105dalno\u015bci serwisu, nie pozwalaj\u0105ce jednak na identyfikacj\u0119 poszczeg\u00f3lnych u\u017cytkownik\u00f3w. W przypadku kontroli, Pa\u0144stwa dane mog\u0105 zosta\u0107 udost\u0119pnione pracownikom Inspektoratu zgodnie z ustaw\u0105 o ochronie danych osobowych.<\/p>\n\n\n\n<p>W przypadku naruszenia prawa, lub gdy b\u0119d\u0105 wymaga\u0142y tego przepisy obowi\u0105zuj\u0105cego prawa, mo\u017cemy udost\u0119pni\u0107 Pa\u0144stwa dane organom wymiaru sprawiedliwo\u015bci na podstawie odpowiednich przepis\u00f3w prawa \/ nakazu s\u0105dowego \/ innych dokument\u00f3w zgodnych z obowi\u0105zuj\u0105cym prawem polskim.<\/p>\n\n\n\n<p><strong>Upublicznianie wizerunku ucznia<\/strong><\/p>\n\n\n\n<p>W celu promocji dzia\u0142a\u0144 zwi\u0105zanych z realizacj\u0105 cel\u00f3w dydaktycznych, wychowawczych i opieku\u0144czych Szko\u0142y wizerunek uczni\u00f3w, utrwalony podczas konkurs\u00f3w, turniej\u00f3w sportowych i innych uroczysto\u015bci szkolnych mo\u017ce zosta\u0107 wykorzystany do:<\/p>\n\n\n\n<ul class=\"wp-block-list\"><li>umieszczenia w galerii zdj\u0119\u0107 na stronie internetowej Szko\u0142y<\/li><li>umieszczenia w tre\u015bci zawarto\u015bci strony internetowej Szko\u0142y<\/li><\/ul>\n\n\n\n<p>Publikacja wizerunku ucznia nast\u0119puje tylko po wyra\u017anym wyra\u017ceniu zgody przez rodzica \/ opiekuna prawnego. Wyra\u017cenie zgody na publikacj\u0119 wizerunku jest dobrowolne i nast\u0119puje poprzez akceptacj\u0119 odpowiednich zg\u00f3d w momencie podpisywania dokument\u00f3w przyj\u0119cia ucznia do szko\u0142y lub w trakcie trwania roku szkolnego.<\/p>\n\n\n\n<p><strong>Upublicznianie imienia i nazwiska ucznia<\/strong><\/p>\n\n\n\n<p>W celu promocji dzia\u0142a\u0144 zwi\u0105zanych z realizacj\u0105 cel\u00f3w dydaktycznych, wychowawczych i opieku\u0144czych Szko\u0142y mo\u017cemy opublikowa\u0107 imiona i nazwiska ucznia w przypadku:<\/p>\n\n\n\n<ul class=\"wp-block-list\"><li>osi\u0105gni\u0119cia przez niego wyr\u00f3\u017cnie\u0144 w konkursach szkolnych i pozaszkolnych<\/li><li>wyr\u00f3\u017cniaj\u0105cej postawy spo\u0142ecznej<\/li><li>udzia\u0142u w d\u0142ugotrwa\u0142ym projekcie szkolnym i pozaszkolnym<\/li><\/ul>\n\n\n\n<p>Publikacja imienia i nazwiska ucznia nast\u0119puje tylko po wyra\u017anym wyra\u017ceniu zgody przez rodzica \/ opiekuna prawnego. Wyra\u017cenie zgody na publikacj\u0119 tych danych jest dobrowolne i nast\u0119puje poprzez akceptacj\u0119 odpowiednich zg\u00f3d w momencie podpisywania dokument\u00f3w przyj\u0119cia ucznia do szko\u0142y lub w trakcie trwania roku szkolnego.<\/p>\n\n\n\n<p><strong>Szko\u0142a&nbsp;<\/strong>zastrzega, i\u017c w przysz\u0142o\u015bci mo\u017ce wprowadzi\u0107 zmiany w Polityce Prywatno\u015bci. Wraz z ka\u017cd\u0105 zmian\u0105 nowa wersja Polityki Prywatno\u015bci b\u0119dzie si\u0119 pojawia\u0107 w tym miejscu. Korzystaj\u0105c z serwisu u\u017cytkownik akceptuje zmiany w nowej wersji Polityki Prywatno\u015bci.<\/p>\n\n\n\n<p>W przypadku pyta\u0144, w\u0105tpliwo\u015bci lub zgodnych z postanowieniami og\u00f3lnego rozporz\u0105dzenia o ochronie danych osobowych z dnia 27 kwietnia 2016r dyspozycji zwi\u0105zanych z gromadzeniem \/ przechowywaniem danych, prosimy o kontakt z nami.<\/p>\n\n\n\n<p><strong>Inspektor Danych Osobowych (IOD):<\/strong><\/p>\n\n\n\n<p>Pani Ewa Gali\u0144ska<br>email:&nbsp;<a href=\"mailto:inspektor@osdidk.pl\">inspektor@osdidk.pl<\/a><br>tel.&nbsp;531&nbsp;641&nbsp;425<\/p>\n","protected":false},"excerpt":{"rendered":"<p>Polityka prywatno\u015bci Zesp\u00f3\u0142 Szkolno-Przedszkolny w S\u0142odkowie z siedzib\u0105:S\u0142odk\u00f3w 21, 62-700 Turek Szko\u0142a&nbsp;przywi\u0105zuje du\u017c\u0105 wag\u0119 do [&hellip;]<\/p>\n","protected":false},"author":1,"featured_media":0,"parent":0,"menu_order":0,"comment_status":"closed","ping_status":"open","template":"","meta":{"footnotes":""},"class_list":["post-3","page","type-page","status-publish","hentry"],"_links":{"self":[{"href":"https:\/\/zspslodkow.com\/przedszkole1\/wp-json\/wp\/v2\/pages\/3","targetHints":{"allow":["GET"]}}],"collection":[{"href":"https:\/\/zspslodkow.com\/przedszkole1\/wp-json\/wp\/v2\/pages"}],"about":[{"href":"https:\/\/zspslodkow.com\/przedszkole1\/wp-json\/wp\/v2\/types\/page"}],"author":[{"embeddable":true,"href":"https:\/\/zspslodkow.com\/przedszkole1\/wp-json\/wp\/v2\/users\/1"}],"replies":[{"embeddable":true,"href":"https:\/\/zspslodkow.com\/przedszkole1\/wp-json\/wp\/v2\/comments?post=3"}],"version-history":[{"count":2,"href":"https:\/\/zspslodkow.com\/przedszkole1\/wp-json\/wp\/v2\/pages\/3\/revisions"}],"predecessor-version":[{"id":112,"href":"https:\/\/zspslodkow.com\/przedszkole1\/wp-json\/wp\/v2\/pages\/3\/revisions\/112"}],"wp:attachment":[{"href":"https:\/\/zspslodkow.com\/przedszkole1\/wp-json\/wp\/v2\/media?parent=3"}],"curies":[{"name":"wp","href":"https:\/\/api.w.org\/{rel}","templated":true}]}}