{"id":46,"date":"2020-08-30T07:51:52","date_gmt":"2020-08-30T05:51:52","guid":{"rendered":"http:\/\/zspslodkow.com\/przedszkole1\/?page_id=46"},"modified":"2020-08-30T07:51:52","modified_gmt":"2020-08-30T05:51:52","slug":"przedszkole-w-slodkowie","status":"publish","type":"page","link":"https:\/\/zspslodkow.com\/przedszkole1\/przedszkole-w-slodkowie\/","title":{"rendered":"Przedszkole w S\u0142odkowie"},"content":{"rendered":"\n<p>Przedszkole pe\u0142ni funkcje opieku\u0144cze, wychowawcze i kszta\u0142c\u0105ce. Ka\u017cdemu dziecku tworzy szans\u0119 na miar\u0119 jego mo\u017cliwo\u015bci, wspomaga wszechstronny rozw\u00f3j dziecka odpowiednio do jego indywidualnych potrzeb. Tworzy bezpieczne warunki do wsp\u00f3lnej zabawy i nauki.<\/p>\n","protected":false},"excerpt":{"rendered":"<p>Przedszkole pe\u0142ni funkcje opieku\u0144cze, wychowawcze i kszta\u0142c\u0105ce. Ka\u017cdemu dziecku tworzy szans\u0119 na miar\u0119 jego mo\u017cliwo\u015bci, [&hellip;]<\/p>\n","protected":false},"author":1,"featured_media":40,"parent":0,"menu_order":0,"comment_status":"closed","ping_status":"closed","template":"","meta":{"footnotes":""},"class_list":["post-46","page","type-page","status-publish","has-post-thumbnail","hentry"],"_links":{"self":[{"href":"https:\/\/zspslodkow.com\/przedszkole1\/wp-json\/wp\/v2\/pages\/46","targetHints":{"allow":["GET"]}}],"collection":[{"href":"https:\/\/zspslodkow.com\/przedszkole1\/wp-json\/wp\/v2\/pages"}],"about":[{"href":"https:\/\/zspslodkow.com\/przedszkole1\/wp-json\/wp\/v2\/types\/page"}],"author":[{"embeddable":true,"href":"https:\/\/zspslodkow.com\/przedszkole1\/wp-json\/wp\/v2\/users\/1"}],"replies":[{"embeddable":true,"href":"https:\/\/zspslodkow.com\/przedszkole1\/wp-json\/wp\/v2\/comments?post=46"}],"version-history":[{"count":1,"href":"https:\/\/zspslodkow.com\/przedszkole1\/wp-json\/wp\/v2\/pages\/46\/revisions"}],"predecessor-version":[{"id":47,"href":"https:\/\/zspslodkow.com\/przedszkole1\/wp-json\/wp\/v2\/pages\/46\/revisions\/47"}],"wp:featuredmedia":[{"embeddable":true,"href":"https:\/\/zspslodkow.com\/przedszkole1\/wp-json\/wp\/v2\/media\/40"}],"wp:attachment":[{"href":"https:\/\/zspslodkow.com\/przedszkole1\/wp-json\/wp\/v2\/media?parent=46"}],"curies":[{"name":"wp","href":"https:\/\/api.w.org\/{rel}","templated":true}]}}