{"id":6047,"date":"2026-05-14T15:14:48","date_gmt":"2026-05-14T13:14:48","guid":{"rendered":"https:\/\/zspslodkow.com\/przedszkole1\/?page_id=6047"},"modified":"2026-05-14T15:25:51","modified_gmt":"2026-05-14T13:25:51","slug":"baza-dobrych-praktyk","status":"publish","type":"page","link":"https:\/\/zspslodkow.com\/przedszkole1\/baza-dobrych-praktyk\/","title":{"rendered":"Baza dobrych praktyk"},"content":{"rendered":"\n<p>W bazie dobrych praktyk znajduj\u0105 si\u0119 scenariusze zaj\u0119\u0107 dla dzieci, kt\u00f3re stanowi\u0105 inspiracj\u0119 do prowadzenia ciekawych i rozwijaj\u0105cych aktywno\u015bci edukacyjnych.<\/p>\n\n\n\n<p>Dzikie zwierz\u0119ta Afryki <\/p>\n\n\n\n<div class=\"wp-block-file\"><a id=\"wp-block-file--media-67b987e2-1eec-4b99-8d31-4c44a08eacfd\" href=\"https:\/\/zspslodkow.com\/przedszkole1\/wp-content\/uploads\/2026\/05\/Zwierzeta-Afryki.docx\">Zwierz\u0119ta Afryki<\/a><a href=\"https:\/\/zspslodkow.com\/przedszkole1\/wp-content\/uploads\/2026\/05\/Zwierzeta-Afryki.docx\" class=\"wp-block-file__button wp-element-button\" download aria-describedby=\"wp-block-file--media-67b987e2-1eec-4b99-8d31-4c44a08eacfd\">Pobierz<\/a><\/div>\n\n\n\n<p>Tydzie\u0144 o Kosmosie<\/p>\n\n\n\n<div class=\"wp-block-file\"><a id=\"wp-block-file--media-44f40a27-b6f6-45e2-b973-fb1faa79b1ee\" href=\"https:\/\/zspslodkow.com\/przedszkole1\/wp-content\/uploads\/2026\/05\/Kosmos.docx\">Kosmos<\/a><a href=\"https:\/\/zspslodkow.com\/przedszkole1\/wp-content\/uploads\/2026\/05\/Kosmos.docx\" class=\"wp-block-file__button wp-element-button\" download aria-describedby=\"wp-block-file--media-44f40a27-b6f6-45e2-b973-fb1faa79b1ee\">Pobierz<\/a><\/div>\n\n\n\n<p><\/p>\n","protected":false},"excerpt":{"rendered":"<p>W bazie dobrych praktyk znajduj\u0105 si\u0119 scenariusze zaj\u0119\u0107 dla dzieci, kt\u00f3re stanowi\u0105 inspiracj\u0119 do prowadzenia [&hellip;]<\/p>\n","protected":false},"author":2,"featured_media":6044,"parent":0,"menu_order":0,"comment_status":"closed","ping_status":"closed","template":"","meta":{"footnotes":""},"class_list":["post-6047","page","type-page","status-publish","has-post-thumbnail","hentry"],"_links":{"self":[{"href":"https:\/\/zspslodkow.com\/przedszkole1\/wp-json\/wp\/v2\/pages\/6047","targetHints":{"allow":["GET"]}}],"collection":[{"href":"https:\/\/zspslodkow.com\/przedszkole1\/wp-json\/wp\/v2\/pages"}],"about":[{"href":"https:\/\/zspslodkow.com\/przedszkole1\/wp-json\/wp\/v2\/types\/page"}],"author":[{"embeddable":true,"href":"https:\/\/zspslodkow.com\/przedszkole1\/wp-json\/wp\/v2\/users\/2"}],"replies":[{"embeddable":true,"href":"https:\/\/zspslodkow.com\/przedszkole1\/wp-json\/wp\/v2\/comments?post=6047"}],"version-history":[{"count":5,"href":"https:\/\/zspslodkow.com\/przedszkole1\/wp-json\/wp\/v2\/pages\/6047\/revisions"}],"predecessor-version":[{"id":6058,"href":"https:\/\/zspslodkow.com\/przedszkole1\/wp-json\/wp\/v2\/pages\/6047\/revisions\/6058"}],"wp:featuredmedia":[{"embeddable":true,"href":"https:\/\/zspslodkow.com\/przedszkole1\/wp-json\/wp\/v2\/media\/6044"}],"wp:attachment":[{"href":"https:\/\/zspslodkow.com\/przedszkole1\/wp-json\/wp\/v2\/media?parent=6047"}],"curies":[{"name":"wp","href":"https:\/\/api.w.org\/{rel}","templated":true}]}}