{"id":6062,"date":"2026-05-14T15:48:27","date_gmt":"2026-05-14T13:48:27","guid":{"rendered":"https:\/\/zspslodkow.com\/przedszkole1\/?page_id=6062"},"modified":"2026-05-14T16:49:35","modified_gmt":"2026-05-14T14:49:35","slug":"porady-dla-rodzicow-2","status":"publish","type":"page","link":"https:\/\/zspslodkow.com\/przedszkole1\/porady-dla-rodzicow-2\/","title":{"rendered":"Porady dla rodzic\u00f3w"},"content":{"rendered":"\n<p>Pierwsze dni w przedszkolu<\/p>\n\n\n\n<p><a href=\"https:\/\/images.dlaprzedszkoli.eu\/niepokalanki\/dobre-rady-dla-rodzicow(1).pdf\">https:\/\/images.dlaprzedszkoli.eu\/niepokalanki\/dobre-rady-dla-rodzicow(1).pdf<\/a><\/p>\n\n\n\n<p><\/p>\n\n\n\n<p><\/p>\n\n\n\n<p><\/p>\n\n\n\n<p><\/p>\n\n\n\n<p><\/p>\n\n\n\n<p><\/p>\n\n\n\n<p><\/p>\n\n\n\n<p>Jak ubra\u0107 dziecko do przedszkola<\/p>\n\n\n\n<figure class=\"wp-block-gallery has-nested-images columns-default is-cropped wp-block-gallery-1 is-layout-flex wp-block-gallery-is-layout-flex\">\n<figure class=\"wp-block-image size-large\"><img loading=\"lazy\" decoding=\"async\" width=\"724\" height=\"1024\" data-id=\"6074\" src=\"https:\/\/zspslodkow.com\/przedszkole1\/wp-content\/uploads\/2026\/05\/ubranie-plakat-724x1024.jpg\" alt=\"\" class=\"wp-image-6074\" srcset=\"https:\/\/zspslodkow.com\/przedszkole1\/wp-content\/uploads\/2026\/05\/ubranie-plakat-724x1024.jpg 724w, https:\/\/zspslodkow.com\/przedszkole1\/wp-content\/uploads\/2026\/05\/ubranie-plakat-212x300.jpg 212w, https:\/\/zspslodkow.com\/przedszkole1\/wp-content\/uploads\/2026\/05\/ubranie-plakat-768x1086.jpg 768w, https:\/\/zspslodkow.com\/przedszkole1\/wp-content\/uploads\/2026\/05\/ubranie-plakat.jpg 842w\" sizes=\"auto, (max-width: 724px) 100vw, 724px\" \/><\/figure>\n\n\n\n<figure class=\"wp-block-image size-large\"><img loading=\"lazy\" decoding=\"async\" width=\"509\" height=\"720\" data-id=\"6073\" src=\"https:\/\/zspslodkow.com\/przedszkole1\/wp-content\/uploads\/2026\/05\/540073350_1384764316982445_8736955517604106202_n.jpg\" alt=\"\" class=\"wp-image-6073\" srcset=\"https:\/\/zspslodkow.com\/przedszkole1\/wp-content\/uploads\/2026\/05\/540073350_1384764316982445_8736955517604106202_n.jpg 509w, https:\/\/zspslodkow.com\/przedszkole1\/wp-content\/uploads\/2026\/05\/540073350_1384764316982445_8736955517604106202_n-212x300.jpg 212w\" sizes=\"auto, (max-width: 509px) 100vw, 509px\" \/><\/figure>\n<\/figure>\n\n\n\n<p><\/p>\n\n\n\n<p><\/p>\n\n\n\n<p><\/p>\n\n\n\n<p><\/p>\n\n\n\n<p><\/p>\n\n\n\n<p><\/p>\n\n\n\n<p><\/p>\n\n\n\n<p><strong>Apel Twojego dziecka, czyli 20 przykaza\u0144 dla rodzic\u00f3w<\/strong><\/p>\n\n\n\n<blockquote class=\"wp-embedded-content\" data-secret=\"1hfDHDC5wE\"><a href=\"https:\/\/www.matczynefanaberie.pl\/20-przykazan-dla-rodzicow-apel-twojego-dziecka-nie-tylko-na-swieta\/\">20 przykaza\u0144 dla rodzic\u00f3w &#8211; Apel Twojego dziecka nie tylko na \u015awi\u0119ta<\/a><\/blockquote><iframe loading=\"lazy\" class=\"wp-embedded-content\" sandbox=\"allow-scripts\" security=\"restricted\" style=\"position: absolute; visibility: hidden;\" title=\"&#8222;20 przykaza\u0144 dla rodzic\u00f3w &#8211; Apel Twojego dziecka nie tylko na \u015awi\u0119ta&#8221; &#8212; Blog Matczyne Fanaberie\" src=\"https:\/\/www.matczynefanaberie.pl\/20-przykazan-dla-rodzicow-apel-twojego-dziecka-nie-tylko-na-swieta\/embed\/#?secret=I8RTr9SNsv#?secret=1hfDHDC5wE\" data-secret=\"1hfDHDC5wE\" width=\"600\" height=\"338\" frameborder=\"0\" marginwidth=\"0\" marginheight=\"0\" scrolling=\"no\"><\/iframe>\n\n\n\n<p><\/p>\n","protected":false},"excerpt":{"rendered":"<p>Pierwsze dni w przedszkolu https:\/\/images.dlaprzedszkoli.eu\/niepokalanki\/dobre-rady-dla-rodzicow(1).pdf Jak ubra\u0107 dziecko do przedszkola Apel Twojego dziecka, czyli 20 [&hellip;]<\/p>\n","protected":false},"author":2,"featured_media":6060,"parent":0,"menu_order":0,"comment_status":"closed","ping_status":"closed","template":"","meta":{"footnotes":""},"class_list":["post-6062","page","type-page","status-publish","has-post-thumbnail","hentry"],"_links":{"self":[{"href":"https:\/\/zspslodkow.com\/przedszkole1\/wp-json\/wp\/v2\/pages\/6062","targetHints":{"allow":["GET"]}}],"collection":[{"href":"https:\/\/zspslodkow.com\/przedszkole1\/wp-json\/wp\/v2\/pages"}],"about":[{"href":"https:\/\/zspslodkow.com\/przedszkole1\/wp-json\/wp\/v2\/types\/page"}],"author":[{"embeddable":true,"href":"https:\/\/zspslodkow.com\/przedszkole1\/wp-json\/wp\/v2\/users\/2"}],"replies":[{"embeddable":true,"href":"https:\/\/zspslodkow.com\/przedszkole1\/wp-json\/wp\/v2\/comments?post=6062"}],"version-history":[{"count":9,"href":"https:\/\/zspslodkow.com\/przedszkole1\/wp-json\/wp\/v2\/pages\/6062\/revisions"}],"predecessor-version":[{"id":6078,"href":"https:\/\/zspslodkow.com\/przedszkole1\/wp-json\/wp\/v2\/pages\/6062\/revisions\/6078"}],"wp:featuredmedia":[{"embeddable":true,"href":"https:\/\/zspslodkow.com\/przedszkole1\/wp-json\/wp\/v2\/media\/6060"}],"wp:attachment":[{"href":"https:\/\/zspslodkow.com\/przedszkole1\/wp-json\/wp\/v2\/media?parent=6062"}],"curies":[{"name":"wp","href":"https:\/\/api.w.org\/{rel}","templated":true}]}}