{"id":64,"date":"2020-08-30T08:20:07","date_gmt":"2020-08-30T06:20:07","guid":{"rendered":"http:\/\/zspslodkow.com\/przedszkole1\/?page_id=64"},"modified":"2020-08-30T08:20:07","modified_gmt":"2020-08-30T06:20:07","slug":"regulamin-dla-rodzicow","status":"publish","type":"page","link":"https:\/\/zspslodkow.com\/przedszkole1\/regulamin-dla-rodzicow\/","title":{"rendered":"regulamin dla rodzic\u00f3w"},"content":{"rendered":"\n<p><strong><em>Rodzic:<\/em><\/strong><\/p>\n\n\n\n<p>Przestrzega postanowie\u0144 statutu przedszkola,<\/p>\n\n\n\n<p>Podaje do wiadomo\u015bci przedszkola zmian dotycz\u0105cych kontakt\u00f3w telefonicznych<\/p>\n\n\n\n<p>Regularnie&nbsp;uiszcza op\u0142aty za przedszkole w wyznaczonym terminie (do 15 ka\u017cdego miesi\u0105ca)<\/p>\n\n\n\n<p>Przyprowadza i odbiera dziecka z przedszkola osobi\u015bcie lub przez osob\u0119 doros\u0142\u0105, zg\u0142oszon\u0105 nauczycielce na pi\u015bmie zapewniaj\u0105c\u0105 dziecku opiek\u0119,<\/p>\n\n\n\n<p>Przyprowadza do przedszkola&nbsp;tylko&nbsp;zdrowe dziecko<\/p>\n\n\n\n<p>Uczestniczy w zebraniach rodzic\u00f3w<\/p>\n","protected":false},"excerpt":{"rendered":"<p>Rodzic: Przestrzega postanowie\u0144 statutu przedszkola, Podaje do wiadomo\u015bci przedszkola zmian dotycz\u0105cych kontakt\u00f3w telefonicznych Regularnie&nbsp;uiszcza op\u0142aty [&hellip;]<\/p>\n","protected":false},"author":1,"featured_media":0,"parent":0,"menu_order":0,"comment_status":"closed","ping_status":"closed","template":"","meta":{"footnotes":""},"class_list":["post-64","page","type-page","status-publish","hentry"],"_links":{"self":[{"href":"https:\/\/zspslodkow.com\/przedszkole1\/wp-json\/wp\/v2\/pages\/64","targetHints":{"allow":["GET"]}}],"collection":[{"href":"https:\/\/zspslodkow.com\/przedszkole1\/wp-json\/wp\/v2\/pages"}],"about":[{"href":"https:\/\/zspslodkow.com\/przedszkole1\/wp-json\/wp\/v2\/types\/page"}],"author":[{"embeddable":true,"href":"https:\/\/zspslodkow.com\/przedszkole1\/wp-json\/wp\/v2\/users\/1"}],"replies":[{"embeddable":true,"href":"https:\/\/zspslodkow.com\/przedszkole1\/wp-json\/wp\/v2\/comments?post=64"}],"version-history":[{"count":1,"href":"https:\/\/zspslodkow.com\/przedszkole1\/wp-json\/wp\/v2\/pages\/64\/revisions"}],"predecessor-version":[{"id":65,"href":"https:\/\/zspslodkow.com\/przedszkole1\/wp-json\/wp\/v2\/pages\/64\/revisions\/65"}],"wp:attachment":[{"href":"https:\/\/zspslodkow.com\/przedszkole1\/wp-json\/wp\/v2\/media?parent=64"}],"curies":[{"name":"wp","href":"https:\/\/api.w.org\/{rel}","templated":true}]}}