{"id":66,"date":"2020-08-30T08:24:33","date_gmt":"2020-08-30T06:24:33","guid":{"rendered":"http:\/\/zspslodkow.com\/przedszkole1\/?page_id=66"},"modified":"2020-08-30T08:24:38","modified_gmt":"2020-08-30T06:24:38","slug":"wyprawka-dla-dziecka","status":"publish","type":"page","link":"https:\/\/zspslodkow.com\/przedszkole1\/wyprawka-dla-dziecka\/","title":{"rendered":"wyprawka dla dziecka"},"content":{"rendered":"\n<p><\/p>\n\n\n\n<figure class=\"wp-block-pullquote\"><blockquote><p><strong>wyprawka dla 3-4 latka<\/strong><\/p><\/blockquote><\/figure>\n\n\n\n<p>2.BLOK TECHNICZNY \u2013 BIA\u0141Y &#8211; 3<\/p>\n\n\n\n<p>1.250 SZTUK PAPIERU XERO<\/p>\n\n\n\n<p>3.BLOK TECHNICZY \u2013 KOLOROWY<\/p>\n\n\n\n<p>4.BLOK RYSUNKOWY KOLOROWY<\/p>\n\n\n\n<p>5.KREDKI \u015aWIECOWE \u2013 BAMBINO<\/p>\n\n\n\n<p>6.FARBY PLAKATOWE<\/p>\n\n\n\n<p>7.P\u0118DZELEK GRUBY<\/p>\n\n\n\n<p>8. P\u0118DZELEK CIENKI<\/p>\n\n\n\n<p>9.WYCINANKA<\/p>\n\n\n\n<p>10.KLEJ<\/p>\n\n\n\n<p>11.NO\u017bYCZKI<\/p>\n\n\n\n<p>12.O\u0141\u00d3WEK, GUMKA,<\/p>\n\n\n\n<p>13.TECZKA WI\u0104ZANA<\/p>\n\n\n\n<p>14.PAPCIE<\/p>\n\n\n\n<p>15.STR\u00d3J GIMNASTYCZNY (PODPISANY)<\/p>\n\n\n\n<p>16.R\u0118CZNIK (PODPISANY)<\/p>\n\n\n\n<p>17.PLASTELINA<\/p>\n\n\n\n<p>18.KUBEK, SZCZOTECZKA, PASTA DO Z\u0118B\u00d3W (PODPISANE)<\/p>\n\n\n\n<p>19. CHUSTECZKI HIGIENICZNE<\/p>\n\n\n\n<hr class=\"wp-block-separator\"\/>\n\n\n\n<figure class=\"wp-block-pullquote\"><blockquote><p><strong>wyprawka dla 5-6 latka<\/strong><\/p><\/blockquote><\/figure>\n\n\n\n<p><\/p>\n\n\n\n<p>1.RYZA PAPIERU XERO<\/p>\n\n\n\n<p>2.BLOK TECHNICZNY \u2013 BIA\u0141Y \u2013 1szt.<\/p>\n\n\n\n<p>3.BLOK TECHNICZY \u2013 KOLOROWY \u2013 2 szt.<\/p>\n\n\n\n<p>4.BLOK RYSUNKOWY KOLOROWY- 2 szt.<\/p>\n\n\n\n<p>5. ZESZYT W 3 LINIE I ZESZYT W KRATK\u0118<\/p>\n\n\n\n<p>6.KREDKI \u015aWIECOWE \u2013 BAMBINO<\/p>\n\n\n\n<p>7.FARBY PLAKATOWE<\/p>\n\n\n\n<p>8.P\u0118DZELEK GRUBY<\/p>\n\n\n\n<p>9. P\u0118DZELEK CIENKI<\/p>\n\n\n\n<p>10.WYCINANKA<\/p>\n\n\n\n<p>11.KLEJ w sztyfcie<\/p>\n\n\n\n<p>12. KLEJ wikol<\/p>\n\n\n\n<p>13.NO\u017bYCZKI<\/p>\n\n\n\n<p>14. D\u0141UGOPIS I O\u0141\u00d3WEK<\/p>\n\n\n\n<p>15.TECZKA Z GUMK\u0104<\/p>\n\n\n\n<p>16.PAPCIE<\/p>\n\n\n\n<p>17.STR\u00d3J GIMNASTYCZNY W WORKU (PODPISANY)<\/p>\n\n\n\n<p>18.R\u0118CZNIK PAPEROWY \u2013 DU\u017bA ROLKA LUB 2 MNIEJSZE ROLKI<\/p>\n\n\n\n<p>19.PLASTELINA<\/p>\n\n\n\n<p>20. CIASTOLINA \u2013 2 KUBECZKI<\/p>\n\n\n\n<p>21. BIBU\u0141A \u2013 2 KOLORY<\/p>\n\n\n\n<p>22.KUBEK, SZCZOTECZKA, PASTA DO Z\u0118B\u00d3W (PODPISANE)<\/p>\n\n\n\n<p>23. CHUSTECZKI HIGIENICZNE (WYCI\u0104GANE)<\/p>\n\n\n\n<p>24. TOREBKI DO PAKOWANIA \u017bYWNO\u015aCI<\/p>\n\n\n\n<p>25. FARTUSZEK (LUB KOSZULKA) DO MALOWANIA<\/p>\n","protected":false},"excerpt":{"rendered":"<p>wyprawka dla 3-4 latka 2.BLOK TECHNICZNY \u2013 BIA\u0141Y &#8211; 3 1.250 SZTUK PAPIERU XERO 3.BLOK [&hellip;]<\/p>\n","protected":false},"author":1,"featured_media":0,"parent":0,"menu_order":0,"comment_status":"closed","ping_status":"closed","template":"","meta":{"footnotes":""},"class_list":["post-66","page","type-page","status-publish","hentry"],"_links":{"self":[{"href":"https:\/\/zspslodkow.com\/przedszkole1\/wp-json\/wp\/v2\/pages\/66","targetHints":{"allow":["GET"]}}],"collection":[{"href":"https:\/\/zspslodkow.com\/przedszkole1\/wp-json\/wp\/v2\/pages"}],"about":[{"href":"https:\/\/zspslodkow.com\/przedszkole1\/wp-json\/wp\/v2\/types\/page"}],"author":[{"embeddable":true,"href":"https:\/\/zspslodkow.com\/przedszkole1\/wp-json\/wp\/v2\/users\/1"}],"replies":[{"embeddable":true,"href":"https:\/\/zspslodkow.com\/przedszkole1\/wp-json\/wp\/v2\/comments?post=66"}],"version-history":[{"count":2,"href":"https:\/\/zspslodkow.com\/przedszkole1\/wp-json\/wp\/v2\/pages\/66\/revisions"}],"predecessor-version":[{"id":68,"href":"https:\/\/zspslodkow.com\/przedszkole1\/wp-json\/wp\/v2\/pages\/66\/revisions\/68"}],"wp:attachment":[{"href":"https:\/\/zspslodkow.com\/przedszkole1\/wp-json\/wp\/v2\/media?parent=66"}],"curies":[{"name":"wp","href":"https:\/\/api.w.org\/{rel}","templated":true}]}}