{"id":69,"date":"2020-08-30T08:25:27","date_gmt":"2020-08-30T06:25:27","guid":{"rendered":"http:\/\/zspslodkow.com\/przedszkole1\/?page_id=69"},"modified":"2020-08-30T08:25:27","modified_gmt":"2020-08-30T06:25:27","slug":"jak-przygotowac-dziecko","status":"publish","type":"page","link":"https:\/\/zspslodkow.com\/przedszkole1\/jak-przygotowac-dziecko\/","title":{"rendered":"Jak przygotowa\u0107 dziecko"},"content":{"rendered":"\n<p><strong>Psycholog Joanna Otowska<\/strong><br><br>Przedszkole jest cz\u0119sto pierwsz\u0105 instytucj\u0105, jakiej rodzice powierzaj\u0105 swoje dzieci. Jest to wydarzenie wi\u0105\u017c\u0105ce si\u0119 z wieloma emocjami ze strony jednych, jak i drugich.<br><br>Dla dziecka przekroczenie przedszkolnego progu b\u0119dzie oznacza\u0107 wej\u015bcie w zupe\u0142nie nowe \u015brodowisko, dostosowanie si\u0119 do nowych regu\u0142, rytmu dnia, poradzenie sobie z rozstaniem z&nbsp;rodzicami, byciem w grupie r\u00f3wie\u015bniczej i tym, co si\u0119 z tym wi\u0105\u017ce (umiej\u0119tno\u015b\u0107 dzielenia si\u0119 zabawkami, nawi\u0105zywaniem nowych znajomo\u015bci, poradzeniem sobie z sytuacjami konfliktowymi), nowymi wymaganiami dotycz\u0105cymi czynno\u015bci samoobs\u0142ugowych, l\u0119kiem czy dzi\u015b te\u017c zostanie odebrany do domu.<br><br>Dla rodzic\u00f3w to moment, w kt\u00f3rym prze\u017cywaj\u0105 wiele rozterek. Zastanawiaj\u0105 si\u0119 jak ich dzieci poradz\u0105 sobie w nowej sytuacji, czy przedszkole spe\u0142ni swoj\u0105 rol\u0119 opieku\u0144cz\u0105 i b\u0119dzie miejscem, w kt\u00f3rym dzieci poczuj\u0105 si\u0119 dobrze, bezpiecznie. Jak poradzi\u0107 sobie z rozstaniem w&nbsp;pierwszych dniach, jak zareagowa\u0107 na p\u0142acz dziecka i czy mo\u017cna go unikn\u0105\u0107? Jak mo\u017cna przygotowa\u0107 dziecko do p\u00f3j\u015bcia do przedszkola?<br><br>Kwesti\u0105 pierwszoplanow\u0105 jest wyb\u00f3r przedszkola. Wygodnie jest gdy jest ono usytuowane w&nbsp;pobli\u017cu domu lub miejsca pracy jednego z rodzic\u00f3w. Nieco mniejszy b\u0119dzie niepok\u00f3j rodzic\u00f3w, gdy b\u0119d\u0105 posiadali informacj\u0119 o wybranym przedszkolu &#8211; najlepiej z ust innych rodzic\u00f3w posy\u0142aj\u0105cych tam swoje dzieci. Im wi\u0119kszym zaufaniem rodzic obdarzy to miejsce, tym mniej b\u0119dzie w nim niepewno\u015bci generuj\u0105cej l\u0119k, kt\u00f3ry nie\u015bwiadomie mo\u017ce przekaza\u0107 dziecku.<br>Warto przygotowywa\u0107 dziecko do tej sytuacji du\u017co wcze\u015bniej &#8211; jest wtedy wi\u0119ksza szansa, \u017ce to si\u0119 powiedzie. Oto kilka wskaz\u00f3wek:<br>&nbsp;Zacznij przygotowania wiele miesi\u0119cy wcze\u015bniej. Stwarzaj wiele sytuacji, w kt\u00f3rych dziecko b\u0119dzie mia\u0142o mo\u017cliwo\u015b\u0107 zabawy z innymi dzie\u0107mi. Kontakt wy\u0142\u0105cznie z doros\u0142ymi nie jest wystarczaj\u0105cy do odpowiedniego rozwoju spo\u0142ecznego. Cz\u0119sto odwiedzajcie place zabaw, mo\u017cna te\u017c korzysta\u0107 z zaj\u0119\u0107 w klubikach dla ma\u0142ych dzieci.&nbsp;Stopniowo przyzwyczajaj dziecko do sytuacji, w kt\u00f3rej jest pod opiek\u0105 os\u00f3b trzecich (koniecznie musz\u0105 to by\u0107 osoby godne zaufania!). Prze\u017cyte do\u015bwiadczenie tego, \u017ce rodzice wychodz\u0105c zawsze wracaj\u0105 o um\u00f3wionej porze b\u0119dzie stanowi\u0142o ogromn\u0105 pomoc w p\u00f3\u017aniejszej sytuacji pozostania na kilka godzin w przedszkolu.&nbsp;Ucz dziecko samodzielno\u015bci w takich czynno\u015bciach jak ubieranie i rozbieranie si\u0119, mycie r\u0105k, spo\u017cywanie posi\u0142k\u00f3w, korzystanie z toalety.&nbsp;2-3 miesi\u0105ce przed p\u00f3j\u015bciem do przedszkola zacznij bezpo\u015brednie przygotowania. Opowiedz dziecku, co mo\u017ce je spotka\u0107 atrakcyjnego (zabawa, inne dzieci, zabawki), jak b\u0119dzie wygl\u0105da\u0142 porz\u0105dek dnia w przedszkolu.&nbsp;Skorzystaj z zaj\u0119\u0107 adaptacyjnych organizowanych przez przedszkole, kt\u00f3re wybra\u0142e\u015b. Dziecko b\u0119dzie mia\u0142o okazj\u0119 pozna\u0107 wszelkie pomieszczenia, personel, zetkn\u0105\u0107 si\u0119 z&nbsp;grup\u0105 przedszkoln\u0105.&nbsp;&nbsp;Na ok. 2 tygodnie przed p\u00f3j\u015bciem do przedszkola dok\u0142adnie i ze szczeg\u00f3\u0142ami opowiedz dziecku, kto go zaprowadzi, jaki b\u0119dzie spos\u00f3b po\u017cegnania, co wydarzy si\u0119 potem (p\u00f3jdzie do sali, b\u0119dzie pod opiek\u0105 Pani, zje \u015bniadanko, pobawi si\u0119, zje obiad), dok\u0142adnie okre\u015bl moment odebrania z przedszkola (np. zaraz po obiadku). Powtarzaj to wiele razy.&nbsp;Opowiedz swojemu dziecku bajk\u0119 o podobnej sytuacji, w kt\u00f3rej znalaz\u0142o si\u0119 inne dziecko. Opowiedz o jego prze\u017cyciach. Bajka koniecznie musi mie\u0107 pozytywne zako\u0144czenie &#8211; opowiada\u0107 o tym, w jaki spos\u00f3b dziecko poradzi\u0142o sobie z t\u0105 sytuacj\u0105. Niech bohater opowiadania b\u0119dzie podobny do twojego dziecka, wtedy b\u0119dzie mu \u0142atwiej zidentyfikowa\u0107 si\u0119 z prze\u017cyciami tej postaci. Powtarzaj bajk\u0119 ka\u017cdego dnia, je\u015bli dziecku si\u0119 ona spodoba.&nbsp;Dobrze, gdy dziecko jest odprowadzane przez osob\u0119, z kt\u00f3r\u0105 \u0142atwiej prze\u017cywa rozstanie. Cz\u0119sto jest to ojciec. Z okazji p\u00f3j\u015bcia do przedszkola mo\u017cesz podarowa\u0107 dziecku jaki\u015b drobiazg. Mo\u017ce to by\u0107 przedmiot, kt\u00f3ry przechowujesz na pami\u0105tk\u0119 w\u0142asnego dzieci\u0144stwa. By\u0107 mo\u017ce twoje dziecko posiada przyjaciela-maskotk\u0119. Kiedy zabierze j\u0105 ze sob\u0105 do przedszkola b\u0119dzie si\u0119 czu\u0142o pewniej.<\/p>\n\n\n\n<p>Przygotuj si\u0119 na okazywane przez dziecko emocje. Uwierz, \u017ce mo\u017ce sobie z nimi poradzi\u0107 zw\u0142aszcza, je\u015bli znajdzie oparcie w Tobie.<\/p>\n","protected":false},"excerpt":{"rendered":"<p>Psycholog Joanna Otowska Przedszkole jest cz\u0119sto pierwsz\u0105 instytucj\u0105, jakiej rodzice powierzaj\u0105 swoje dzieci. Jest to [&hellip;]<\/p>\n","protected":false},"author":1,"featured_media":0,"parent":0,"menu_order":0,"comment_status":"closed","ping_status":"closed","template":"","meta":{"footnotes":""},"class_list":["post-69","page","type-page","status-publish","hentry"],"_links":{"self":[{"href":"https:\/\/zspslodkow.com\/przedszkole1\/wp-json\/wp\/v2\/pages\/69","targetHints":{"allow":["GET"]}}],"collection":[{"href":"https:\/\/zspslodkow.com\/przedszkole1\/wp-json\/wp\/v2\/pages"}],"about":[{"href":"https:\/\/zspslodkow.com\/przedszkole1\/wp-json\/wp\/v2\/types\/page"}],"author":[{"embeddable":true,"href":"https:\/\/zspslodkow.com\/przedszkole1\/wp-json\/wp\/v2\/users\/1"}],"replies":[{"embeddable":true,"href":"https:\/\/zspslodkow.com\/przedszkole1\/wp-json\/wp\/v2\/comments?post=69"}],"version-history":[{"count":1,"href":"https:\/\/zspslodkow.com\/przedszkole1\/wp-json\/wp\/v2\/pages\/69\/revisions"}],"predecessor-version":[{"id":70,"href":"https:\/\/zspslodkow.com\/przedszkole1\/wp-json\/wp\/v2\/pages\/69\/revisions\/70"}],"wp:attachment":[{"href":"https:\/\/zspslodkow.com\/przedszkole1\/wp-json\/wp\/v2\/media?parent=69"}],"curies":[{"name":"wp","href":"https:\/\/api.w.org\/{rel}","templated":true}]}}